{"id":1241,"date":"2025-12-08T11:51:57","date_gmt":"2025-12-08T11:51:57","guid":{"rendered":"https:\/\/www.graintech.lv\/?page_id=1241"},"modified":"2025-12-16T12:38:15","modified_gmt":"2025-12-16T12:38:15","slug":"starkelsen","status":"publish","type":"page","link":"https:\/\/graintech.lv\/en\/starkelsen\/","title":{"rendered":"STARKELSEN"},"content":{"rendered":"<div data-elementor-type=\"wp-page\" data-elementor-id=\"1241\" class=\"elementor elementor-1241\" data-elementor-post-type=\"page\">\n\t\t\t\t<div class=\"elementor-element elementor-element-22d96eb5 e-flex e-con-boxed e-con e-parent\" data-id=\"22d96eb5\" data-element_type=\"container\" data-e-type=\"container\" data-settings=\"{&quot;background_background&quot;:&quot;classic&quot;}\">\n\t\t\t\t\t<div class=\"e-con-inner\">\n\t\t<div class=\"elementor-element elementor-element-2cb39e31 e-con-full e-flex e-con e-child\" data-id=\"2cb39e31\" data-element_type=\"container\" data-e-type=\"container\">\n\t\t<div class=\"elementor-element elementor-element-2f4fc0f4 e-con-full e-flex e-con e-child\" data-id=\"2f4fc0f4\" data-element_type=\"container\" data-e-type=\"container\">\n\t\t\t\t<div class=\"elementor-element elementor-element-45cda7eb animated-slow elementor-invisible elementor-widget elementor-widget-heading\" data-id=\"45cda7eb\" data-element_type=\"widget\" data-e-type=\"widget\" data-settings=\"{&quot;_animation&quot;:&quot;slideInUp&quot;}\" data-widget_type=\"heading.default\">\n\t\t\t\t\t<h2 class=\"elementor-heading-title elementor-size-default\">PEL\u0112KO ZIR\u0145U RA\u017dO\u0160ANAS L\u012aNIJA <\/h2>\t\t\t\t<\/div>\n\t\t\t\t<div class=\"elementor-element elementor-element-0d633be animated-slow elementor-invisible elementor-widget elementor-widget-heading\" data-id=\"0d633be\" data-element_type=\"widget\" data-e-type=\"widget\" data-settings=\"{&quot;_animation&quot;:&quot;slideInUp&quot;}\" data-widget_type=\"heading.default\">\n\t\t\t\t\t<h2 class=\"elementor-heading-title elementor-size-default\">SIA Aloja Starkelsen<\/h2>\t\t\t\t<\/div>\n\t\t\t\t<div class=\"elementor-element elementor-element-2a7cc5fb elementor-align-left elementor-hidden-mobile elementor-widget elementor-widget-button\" data-id=\"2a7cc5fb\" data-element_type=\"widget\" data-e-type=\"widget\" data-widget_type=\"button.default\">\n\t\t\t\t\t\t\t\t\t\t<a class=\"elementor-button elementor-button-link elementor-size-lg elementor-animation-grow\" href=\"https:\/\/graintech.online\/realizetie-projekti\/\">\n\t\t\t\t\t\t<span class=\"elementor-button-content-wrapper\">\n\t\t\t\t\t\t\t\t\t<span class=\"elementor-button-text\">VISI PROJEKTI<\/span>\n\t\t\t\t\t<\/span>\n\t\t\t\t\t<\/a>\n\t\t\t\t\t\t\t\t<\/div>\n\t\t\t\t<\/div>\n\t\t<div class=\"elementor-element elementor-element-c0e943 e-con-full e-flex e-con e-child\" data-id=\"c0e943\" data-element_type=\"container\" data-e-type=\"container\">\n\t\t\t\t<div class=\"elementor-element elementor-element-437fdff elementor-widget elementor-widget-text-editor\" data-id=\"437fdff\" data-element_type=\"widget\" data-e-type=\"widget\" data-widget_type=\"text-editor.default\">\n\t\t\t\t\t\t\t\t\t<p><strong style=\"color: #ffd200;\">Gads:<\/strong> 2021 \/ 2023<br \/><strong style=\"color: #ffd200;\">Klients:<\/strong> SIA ALOJA STARKELSEN<br \/><strong style=\"color: #ffd200;\">Uzst\u0101d\u012bt\u0101s iek\u0101rtas:<br \/><\/strong>P\u0101rtikas klases transport\u0113\u0161anas iek\u0101rtas<br \/>Magn\u0113ti<br \/>Dozatori<br \/>Centrifan 22 kW<\/p>\t\t\t\t\t\t\t\t<\/div>\n\t\t\t\t<\/div>\n\t\t\t\t<\/div>\n\t\t\t\t\t<\/div>\n\t\t\t\t<\/div>\n\t\t<div class=\"elementor-element elementor-element-12f6373 e-flex e-con-boxed e-con e-parent\" data-id=\"12f6373\" data-element_type=\"container\" data-e-type=\"container\">\n\t\t\t\t\t<div class=\"e-con-inner\">\n\t\t<div class=\"elementor-element elementor-element-389a648 e-con-full e-flex e-con e-child\" data-id=\"389a648\" data-element_type=\"container\" data-e-type=\"container\">\n\t\t\t\t<div class=\"elementor-element elementor-element-fcd7d80 animated-slow elementor-widget elementor-widget-heading\" data-id=\"fcd7d80\" data-element_type=\"widget\" data-e-type=\"widget\" data-settings=\"{&quot;_animation&quot;:&quot;none&quot;}\" data-widget_type=\"heading.default\">\n\t\t\t\t\t<h2 class=\"elementor-heading-title elementor-size-default\">PAR PROJEKTU<\/h2>\t\t\t\t<\/div>\n\t\t\t\t<div class=\"elementor-element elementor-element-c8413a9 elementor-widget-divider--view-line elementor-widget elementor-widget-divider\" data-id=\"c8413a9\" data-element_type=\"widget\" data-e-type=\"widget\" data-widget_type=\"divider.default\">\n\t\t\t\t\t\t\t<div class=\"elementor-divider\">\n\t\t\t<span class=\"elementor-divider-separator\">\n\t\t\t\t\t\t<\/span>\n\t\t<\/div>\n\t\t\t\t\t\t<\/div>\n\t\t\t\t<div class=\"elementor-element elementor-element-f31ed47 elementor-widget elementor-widget-text-editor\" data-id=\"f31ed47\" data-element_type=\"widget\" data-e-type=\"widget\" data-widget_type=\"text-editor.default\">\n\t\t\t\t\t\t\t\t\t<p>2019. gad\u0101 uzs\u0101k\u0101m pel\u0113ko zir\u0146u lob\u012b\u0161anas l\u012bnijas izstr\u0101des projekt\u0113\u0161anu.\u00a0<br \/>Sadarb\u012bb\u0101 ar m\u016bsu sadarb\u012bbas partneri &#8220;JK-Machinery&#8221; veic\u0101m pel\u0113ko zir\u0146u \u0161\u0137iro\u0161anas testus un l\u012bnijas izstr\u0101de tika projekt\u0113ta un iek\u0101rtu ra\u017eo\u0161ana piel\u0101gota \u0146emot v\u0113r\u0101 efekt\u012bv\u0101kos rezult\u0101tus.<\/p><p>2021. gad\u0101 uzs\u0101k\u0101m l\u012bnijas mont\u0101\u017eu, kas \u0161obr\u012bd veiksm\u012bgi str\u0101d\u0101 ar jaudu 2 t\/h.<\/p><p>2023.gad\u0101 lob\u012b\u0161anas l\u012bnijai uzst\u0101d\u012bj\u0101m ar\u012b pie\u0146em\u0161anas punktu, kura sev\u012b ietver:<\/p><ul><li>60 t auto svarus ar autom\u0101tisko kravas re\u0123istr\u0113\u0161anas sist\u0113mu;<br \/>Pie\u0146em\u0161anas bedri ar putek\u013cu ats\u016bk\u0161anu<\/li><li>JK-Machinery priek\u0161t\u012br\u012bt\u0101ju 60 t\/h<\/li><li>6 gb. x 300 m3 koniskos uzglab\u0101\u0161anas tor\u0146us ar temprat\u016bras monitoringu<\/li><li>60 t\/h transport\u0113\u0161anas sist\u0113mu<\/li><\/ul>\t\t\t\t\t\t\t\t<\/div>\n\t\t\t\t<\/div>\n\t\t<div class=\"elementor-element elementor-element-bc3b952 e-con-full e-flex e-con e-child\" data-id=\"bc3b952\" data-element_type=\"container\" data-e-type=\"container\">\n\t\t<div class=\"elementor-element elementor-element-57e551a e-flex e-con-boxed e-con e-child\" data-id=\"57e551a\" data-element_type=\"container\" data-e-type=\"container\">\n\t\t\t\t\t<div class=\"e-con-inner\">\n\t\t\t\t<div class=\"elementor-element elementor-element-9d4c67f elementor-widget elementor-widget-gallery\" data-id=\"9d4c67f\" data-element_type=\"widget\" data-e-type=\"widget\" data-settings=\"{&quot;columns&quot;:3,&quot;lazyload&quot;:&quot;yes&quot;,&quot;gallery_layout&quot;:&quot;grid&quot;,&quot;columns_tablet&quot;:2,&quot;columns_mobile&quot;:1,&quot;gap&quot;:{&quot;unit&quot;:&quot;px&quot;,&quot;size&quot;:10,&quot;sizes&quot;:[]},&quot;gap_tablet&quot;:{&quot;unit&quot;:&quot;px&quot;,&quot;size&quot;:10,&quot;sizes&quot;:[]},&quot;gap_mobile&quot;:{&quot;unit&quot;:&quot;px&quot;,&quot;size&quot;:10,&quot;sizes&quot;:[]},&quot;link_to&quot;:&quot;file&quot;,&quot;aspect_ratio&quot;:&quot;3:2&quot;,&quot;overlay_background&quot;:&quot;yes&quot;,&quot;content_hover_animation&quot;:&quot;fade-in&quot;}\" data-widget_type=\"gallery.default\">\n\t\t\t\t\t\t\t<div class=\"elementor-gallery__container\">\n\t\t\t\t\t\t\t<a class=\"e-gallery-item elementor-gallery-item elementor-animated-content\" href=\"https:\/\/graintech.lv\/wp-content\/uploads\/2025\/09\/ALOJA-STARKELSEN-Graintech-1.jpg\" data-elementor-open-lightbox=\"yes\" data-elementor-lightbox-slideshow=\"9d4c67f\" data-elementor-lightbox-title=\"ALOJA-STARKELSEN-Graintech-1\" data-e-action-hash=\"#elementor-action%3Aaction%3Dlightbox%26settings%3DeyJpZCI6MTAxNywidXJsIjoiaHR0cHM6XC9cL2dyYWludGVjaC5sdlwvd3AtY29udGVudFwvdXBsb2Fkc1wvMjAyNVwvMDlcL0FMT0pBLVNUQVJLRUxTRU4tR3JhaW50ZWNoLTEuanBnIiwic2xpZGVzaG93IjoiOWQ0YzY3ZiJ9\">\n\t\t\t\t\t<div class=\"e-gallery-image elementor-gallery-item__image\" data-thumbnail=\"https:\/\/graintech.lv\/wp-content\/uploads\/2025\/09\/ALOJA-STARKELSEN-Graintech-1-200x300.jpg\" data-width=\"200\" data-height=\"300\" aria-label=\"\" role=\"img\" ><\/div>\n\t\t\t\t\t\t\t\t\t\t\t<div class=\"elementor-gallery-item__overlay\"><\/div>\n\t\t\t\t\t\t\t\t\t\t\t\t\t\t<\/a>\n\t\t\t\t\t\t\t<a class=\"e-gallery-item elementor-gallery-item elementor-animated-content\" href=\"https:\/\/graintech.lv\/wp-content\/uploads\/2025\/12\/ALOJA-STARKELSEN-Graintech-8-scaled-e1765198118431.jpg\" data-elementor-open-lightbox=\"yes\" data-elementor-lightbox-slideshow=\"9d4c67f\" data-elementor-lightbox-title=\"ALOJA-STARKELSEN-Graintech-8\" data-e-action-hash=\"#elementor-action%3Aaction%3Dlightbox%26settings%3DeyJpZCI6MTI1OCwidXJsIjoiaHR0cHM6XC9cL2dyYWludGVjaC5sdlwvd3AtY29udGVudFwvdXBsb2Fkc1wvMjAyNVwvMTJcL0FMT0pBLVNUQVJLRUxTRU4tR3JhaW50ZWNoLTgtc2NhbGVkLWUxNzY1MTk4MTE4NDMxLmpwZyIsInNsaWRlc2hvdyI6IjlkNGM2N2YifQ%3D%3D\">\n\t\t\t\t\t<div class=\"e-gallery-image elementor-gallery-item__image\" data-thumbnail=\"https:\/\/graintech.lv\/wp-content\/uploads\/2025\/12\/ALOJA-STARKELSEN-Graintech-8-scaled-e1765198118431-300x185.jpg\" data-width=\"300\" data-height=\"185\" aria-label=\"\" role=\"img\" ><\/div>\n\t\t\t\t\t\t\t\t\t\t\t<div class=\"elementor-gallery-item__overlay\"><\/div>\n\t\t\t\t\t\t\t\t\t\t\t\t\t\t<\/a>\n\t\t\t\t\t\t\t<a class=\"e-gallery-item elementor-gallery-item elementor-animated-content\" href=\"https:\/\/graintech.lv\/wp-content\/uploads\/2025\/12\/ALOJA-STARKELSEN-Graintech-11-scaled.jpg\" data-elementor-open-lightbox=\"yes\" data-elementor-lightbox-slideshow=\"9d4c67f\" data-elementor-lightbox-title=\"ALOJA-STARKELSEN-Graintech-11\" data-e-action-hash=\"#elementor-action%3Aaction%3Dlightbox%26settings%3DeyJpZCI6MTI1NSwidXJsIjoiaHR0cHM6XC9cL2dyYWludGVjaC5sdlwvd3AtY29udGVudFwvdXBsb2Fkc1wvMjAyNVwvMTJcL0FMT0pBLVNUQVJLRUxTRU4tR3JhaW50ZWNoLTExLXNjYWxlZC5qcGciLCJzbGlkZXNob3ciOiI5ZDRjNjdmIn0%3D\">\n\t\t\t\t\t<div class=\"e-gallery-image elementor-gallery-item__image\" data-thumbnail=\"https:\/\/graintech.lv\/wp-content\/uploads\/2025\/12\/ALOJA-STARKELSEN-Graintech-11-225x300.jpg\" data-width=\"225\" data-height=\"300\" aria-label=\"\" role=\"img\" ><\/div>\n\t\t\t\t\t\t\t\t\t\t\t<div class=\"elementor-gallery-item__overlay\"><\/div>\n\t\t\t\t\t\t\t\t\t\t\t\t\t\t<\/a>\n\t\t\t\t\t\t\t<a class=\"e-gallery-item elementor-gallery-item elementor-animated-content\" href=\"https:\/\/graintech.lv\/wp-content\/uploads\/2025\/09\/ALOJA-STARKELSEN-Graintech-2.jpg\" data-elementor-open-lightbox=\"yes\" data-elementor-lightbox-slideshow=\"9d4c67f\" data-elementor-lightbox-title=\"ALOJA-STARKELSEN-Graintech-2\" data-e-action-hash=\"#elementor-action%3Aaction%3Dlightbox%26settings%3DeyJpZCI6MTAxNiwidXJsIjoiaHR0cHM6XC9cL2dyYWludGVjaC5sdlwvd3AtY29udGVudFwvdXBsb2Fkc1wvMjAyNVwvMDlcL0FMT0pBLVNUQVJLRUxTRU4tR3JhaW50ZWNoLTIuanBnIiwic2xpZGVzaG93IjoiOWQ0YzY3ZiJ9\">\n\t\t\t\t\t<div class=\"e-gallery-image elementor-gallery-item__image\" data-thumbnail=\"https:\/\/graintech.lv\/wp-content\/uploads\/2025\/09\/ALOJA-STARKELSEN-Graintech-2-200x300.jpg\" data-width=\"200\" data-height=\"300\" aria-label=\"\" role=\"img\" ><\/div>\n\t\t\t\t\t\t\t\t\t\t\t<div class=\"elementor-gallery-item__overlay\"><\/div>\n\t\t\t\t\t\t\t\t\t\t\t\t\t\t<\/a>\n\t\t\t\t\t\t\t<a class=\"e-gallery-item elementor-gallery-item elementor-animated-content\" href=\"https:\/\/graintech.lv\/wp-content\/uploads\/2025\/09\/ALOJA-STARKELSEN-Graintech-4.jpg\" data-elementor-open-lightbox=\"yes\" data-elementor-lightbox-slideshow=\"9d4c67f\" data-elementor-lightbox-title=\"ALOJA-STARKELSEN-Graintech-4\" data-e-action-hash=\"#elementor-action%3Aaction%3Dlightbox%26settings%3DeyJpZCI6OTIwLCJ1cmwiOiJodHRwczpcL1wvZ3JhaW50ZWNoLmx2XC93cC1jb250ZW50XC91cGxvYWRzXC8yMDI1XC8wOVwvQUxPSkEtU1RBUktFTFNFTi1HcmFpbnRlY2gtNC5qcGciLCJzbGlkZXNob3ciOiI5ZDRjNjdmIn0%3D\">\n\t\t\t\t\t<div class=\"e-gallery-image elementor-gallery-item__image\" data-thumbnail=\"https:\/\/graintech.lv\/wp-content\/uploads\/2025\/09\/ALOJA-STARKELSEN-Graintech-4-200x300.jpg\" data-width=\"200\" data-height=\"300\" aria-label=\"\" role=\"img\" ><\/div>\n\t\t\t\t\t\t\t\t\t\t\t<div class=\"elementor-gallery-item__overlay\"><\/div>\n\t\t\t\t\t\t\t\t\t\t\t\t\t\t<\/a>\n\t\t\t\t\t\t\t<a class=\"e-gallery-item elementor-gallery-item elementor-animated-content\" href=\"https:\/\/graintech.lv\/wp-content\/uploads\/2025\/12\/ALOJA-STARKELSEN-Graintech-10-scaled.jpg\" data-elementor-open-lightbox=\"yes\" data-elementor-lightbox-slideshow=\"9d4c67f\" data-elementor-lightbox-title=\"ALOJA-STARKELSEN-Graintech-10\" data-e-action-hash=\"#elementor-action%3Aaction%3Dlightbox%26settings%3DeyJpZCI6MTI1NiwidXJsIjoiaHR0cHM6XC9cL2dyYWludGVjaC5sdlwvd3AtY29udGVudFwvdXBsb2Fkc1wvMjAyNVwvMTJcL0FMT0pBLVNUQVJLRUxTRU4tR3JhaW50ZWNoLTEwLXNjYWxlZC5qcGciLCJzbGlkZXNob3ciOiI5ZDRjNjdmIn0%3D\">\n\t\t\t\t\t<div class=\"e-gallery-image elementor-gallery-item__image\" data-thumbnail=\"https:\/\/graintech.lv\/wp-content\/uploads\/2025\/12\/ALOJA-STARKELSEN-Graintech-10-225x300.jpg\" data-width=\"225\" data-height=\"300\" aria-label=\"\" role=\"img\" ><\/div>\n\t\t\t\t\t\t\t\t\t\t\t<div class=\"elementor-gallery-item__overlay\"><\/div>\n\t\t\t\t\t\t\t\t\t\t\t\t\t\t<\/a>\n\t\t\t\t\t\t\t<a class=\"e-gallery-item elementor-gallery-item elementor-animated-content\" href=\"https:\/\/graintech.lv\/wp-content\/uploads\/2025\/12\/ALOJA-STARKELSEN-Graintech-12-scaled.jpg\" data-elementor-open-lightbox=\"yes\" data-elementor-lightbox-slideshow=\"9d4c67f\" data-elementor-lightbox-title=\"ALOJA-STARKELSEN-Graintech-12\" data-e-action-hash=\"#elementor-action%3Aaction%3Dlightbox%26settings%3DeyJpZCI6MTI2MCwidXJsIjoiaHR0cHM6XC9cL2dyYWludGVjaC5sdlwvd3AtY29udGVudFwvdXBsb2Fkc1wvMjAyNVwvMTJcL0FMT0pBLVNUQVJLRUxTRU4tR3JhaW50ZWNoLTEyLXNjYWxlZC5qcGciLCJzbGlkZXNob3ciOiI5ZDRjNjdmIn0%3D\">\n\t\t\t\t\t<div class=\"e-gallery-image elementor-gallery-item__image\" data-thumbnail=\"https:\/\/graintech.lv\/wp-content\/uploads\/2025\/12\/ALOJA-STARKELSEN-Graintech-12-225x300.jpg\" data-width=\"225\" data-height=\"300\" aria-label=\"\" role=\"img\" ><\/div>\n\t\t\t\t\t\t\t\t\t\t\t<div class=\"elementor-gallery-item__overlay\"><\/div>\n\t\t\t\t\t\t\t\t\t\t\t\t\t\t<\/a>\n\t\t\t\t\t\t\t<a class=\"e-gallery-item elementor-gallery-item elementor-animated-content\" href=\"https:\/\/graintech.lv\/wp-content\/uploads\/2025\/12\/ALOJA-STARKELSEN-Graintech-9-scaled.jpg\" data-elementor-open-lightbox=\"yes\" data-elementor-lightbox-slideshow=\"9d4c67f\" data-elementor-lightbox-title=\"ALOJA-STARKELSEN-Graintech-9\" data-e-action-hash=\"#elementor-action%3Aaction%3Dlightbox%26settings%3DeyJpZCI6MTI1NywidXJsIjoiaHR0cHM6XC9cL2dyYWludGVjaC5sdlwvd3AtY29udGVudFwvdXBsb2Fkc1wvMjAyNVwvMTJcL0FMT0pBLVNUQVJLRUxTRU4tR3JhaW50ZWNoLTktc2NhbGVkLmpwZyIsInNsaWRlc2hvdyI6IjlkNGM2N2YifQ%3D%3D\">\n\t\t\t\t\t<div class=\"e-gallery-image elementor-gallery-item__image\" data-thumbnail=\"https:\/\/graintech.lv\/wp-content\/uploads\/2025\/12\/ALOJA-STARKELSEN-Graintech-9-225x300.jpg\" data-width=\"225\" data-height=\"300\" aria-label=\"\" role=\"img\" ><\/div>\n\t\t\t\t\t\t\t\t\t\t\t<div class=\"elementor-gallery-item__overlay\"><\/div>\n\t\t\t\t\t\t\t\t\t\t\t\t\t\t<\/a>\n\t\t\t\t\t\t\t<a class=\"e-gallery-item elementor-gallery-item elementor-animated-content\" href=\"https:\/\/graintech.lv\/wp-content\/uploads\/2025\/12\/ALOJA-STARKELSEN-Graintech-7-scaled.jpg\" data-elementor-open-lightbox=\"yes\" data-elementor-lightbox-slideshow=\"9d4c67f\" data-elementor-lightbox-title=\"ALOJA-STARKELSEN-Graintech-7\" data-e-action-hash=\"#elementor-action%3Aaction%3Dlightbox%26settings%3DeyJpZCI6MTI1OSwidXJsIjoiaHR0cHM6XC9cL2dyYWludGVjaC5sdlwvd3AtY29udGVudFwvdXBsb2Fkc1wvMjAyNVwvMTJcL0FMT0pBLVNUQVJLRUxTRU4tR3JhaW50ZWNoLTctc2NhbGVkLmpwZyIsInNsaWRlc2hvdyI6IjlkNGM2N2YifQ%3D%3D\">\n\t\t\t\t\t<div class=\"e-gallery-image elementor-gallery-item__image\" data-thumbnail=\"https:\/\/graintech.lv\/wp-content\/uploads\/2025\/12\/ALOJA-STARKELSEN-Graintech-7-225x300.jpg\" data-width=\"225\" data-height=\"300\" aria-label=\"\" role=\"img\" ><\/div>\n\t\t\t\t\t\t\t\t\t\t\t<div class=\"elementor-gallery-item__overlay\"><\/div>\n\t\t\t\t\t\t\t\t\t\t\t\t\t\t<\/a>\n\t\t\t\t\t<\/div>\n\t\t\t\t\t<\/div>\n\t\t\t\t\t<\/div>\n\t\t\t\t<\/div>\n\t\t\t\t<\/div>\n\t\t\t\t\t<\/div>\n\t\t\t\t<\/div>\n\t\t\t\t<\/div>","protected":false},"excerpt":{"rendered":"<p>PEL\u0112KO ZIR\u0145U RA\u017dO\u0160ANAS L\u012aNIJA SIA Aloja Starkelsen VISI PROJEKTI Gads: 2021 \/ 2023Klients: SIA ALOJA STARKELSENUzst\u0101d\u012bt\u0101s iek\u0101rtas:P\u0101rtikas klases transport\u0113\u0161anas iek\u0101rtasMagn\u0113tiDozatoriCentrifan 22 kW PAR PROJEKTU 2019. gad\u0101 uzs\u0101k\u0101m pel\u0113ko zir\u0146u lob\u012b\u0161anas l\u012bnijas izstr\u0101des projekt\u0113\u0161anu.\u00a0Sadarb\u012bb\u0101 ar m\u016bsu sadarb\u012bbas partneri &#8220;JK-Machinery&#8221; veic\u0101m pel\u0113ko zir\u0146u \u0161\u0137iro\u0161anas testus un l\u012bnijas izstr\u0101de tika projekt\u0113ta un iek\u0101rtu ra\u017eo\u0161ana piel\u0101gota \u0146emot v\u0113r\u0101 efekt\u012bv\u0101kos [&hellip;]<\/p>\n","protected":false},"author":1,"featured_media":0,"parent":0,"menu_order":0,"comment_status":"closed","ping_status":"closed","template":"","meta":{"footnotes":""},"class_list":["post-1241","page","type-page","status-publish","hentry"],"_links":{"self":[{"href":"https:\/\/graintech.lv\/en\/wp-json\/wp\/v2\/pages\/1241","targetHints":{"allow":["GET"]}}],"collection":[{"href":"https:\/\/graintech.lv\/en\/wp-json\/wp\/v2\/pages"}],"about":[{"href":"https:\/\/graintech.lv\/en\/wp-json\/wp\/v2\/types\/page"}],"author":[{"embeddable":true,"href":"https:\/\/graintech.lv\/en\/wp-json\/wp\/v2\/users\/1"}],"replies":[{"embeddable":true,"href":"https:\/\/graintech.lv\/en\/wp-json\/wp\/v2\/comments?post=1241"}],"version-history":[{"count":7,"href":"https:\/\/graintech.lv\/en\/wp-json\/wp\/v2\/pages\/1241\/revisions"}],"predecessor-version":[{"id":1378,"href":"https:\/\/graintech.lv\/en\/wp-json\/wp\/v2\/pages\/1241\/revisions\/1378"}],"wp:attachment":[{"href":"https:\/\/graintech.lv\/en\/wp-json\/wp\/v2\/media?parent=1241"}],"curies":[{"name":"wp","href":"https:\/\/api.w.org\/{rel}","templated":true}]}}