{"id":1269,"date":"2025-12-08T12:55:57","date_gmt":"2025-12-08T12:55:57","guid":{"rendered":"https:\/\/www.graintech.lv\/?page_id=1269"},"modified":"2025-12-08T13:01:49","modified_gmt":"2025-12-08T13:01:49","slug":"kevili","status":"publish","type":"page","link":"https:\/\/graintech.lv\/en\/kevili\/","title":{"rendered":"KEVILI"},"content":{"rendered":"<div data-elementor-type=\"wp-page\" data-elementor-id=\"1269\" class=\"elementor elementor-1269\" data-elementor-post-type=\"page\">\n\t\t\t\t<div class=\"elementor-element elementor-element-22d96eb5 e-flex e-con-boxed e-con e-parent\" data-id=\"22d96eb5\" data-element_type=\"container\" data-e-type=\"container\" data-settings=\"{&quot;background_background&quot;:&quot;classic&quot;}\">\n\t\t\t\t\t<div class=\"e-con-inner\">\n\t\t<div class=\"elementor-element elementor-element-2cb39e31 e-con-full e-flex e-con e-child\" data-id=\"2cb39e31\" data-element_type=\"container\" data-e-type=\"container\">\n\t\t<div class=\"elementor-element elementor-element-2f4fc0f4 e-con-full e-flex e-con e-child\" data-id=\"2f4fc0f4\" data-element_type=\"container\" data-e-type=\"container\">\n\t\t\t\t<div class=\"elementor-element elementor-element-45cda7eb animated-slow elementor-invisible elementor-widget elementor-widget-heading\" data-id=\"45cda7eb\" data-element_type=\"widget\" data-e-type=\"widget\" data-settings=\"{&quot;_animation&quot;:&quot;slideInUp&quot;}\" data-widget_type=\"heading.default\">\n\t\t\t\t\t<h2 class=\"elementor-heading-title elementor-size-default\">UZGLAB\u0100\u0160ANAS PAPLA\u0160IN\u0100\u0160ANA<\/h2>\t\t\t\t<\/div>\n\t\t\t\t<div class=\"elementor-element elementor-element-0d633be animated-slow elementor-invisible elementor-widget elementor-widget-heading\" data-id=\"0d633be\" data-element_type=\"widget\" data-e-type=\"widget\" data-settings=\"{&quot;_animation&quot;:&quot;slideInUp&quot;}\" data-widget_type=\"heading.default\">\n\t\t\t\t\t<h2 class=\"elementor-heading-title elementor-size-default\">KEVILI, Rongu (EST)<\/h2>\t\t\t\t<\/div>\n\t\t\t\t<div class=\"elementor-element elementor-element-2a7cc5fb elementor-align-left elementor-hidden-mobile elementor-widget elementor-widget-button\" data-id=\"2a7cc5fb\" data-element_type=\"widget\" data-e-type=\"widget\" data-widget_type=\"button.default\">\n\t\t\t\t\t\t\t\t\t\t<a class=\"elementor-button elementor-button-link elementor-size-lg elementor-animation-grow\" href=\"https:\/\/graintech.online\/realizetie-projekti\/\">\n\t\t\t\t\t\t<span class=\"elementor-button-content-wrapper\">\n\t\t\t\t\t\t\t\t\t<span class=\"elementor-button-text\">VISI PROJEKTI<\/span>\n\t\t\t\t\t<\/span>\n\t\t\t\t\t<\/a>\n\t\t\t\t\t\t\t\t<\/div>\n\t\t\t\t<\/div>\n\t\t<div class=\"elementor-element elementor-element-c0e943 e-con-full e-flex e-con e-child\" data-id=\"c0e943\" data-element_type=\"container\" data-e-type=\"container\">\n\t\t\t\t<div class=\"elementor-element elementor-element-437fdff elementor-widget elementor-widget-text-editor\" data-id=\"437fdff\" data-element_type=\"widget\" data-e-type=\"widget\" data-widget_type=\"text-editor.default\">\n\t\t\t\t\t\t\t\t\t<p><strong style=\"color: #ffd200;\">Gads:<\/strong>\u00a0 2023<br \/><strong style=\"color: #ffd200;\">Klients:<\/strong> KEVILI<br \/><strong style=\"color: #ffd200;\">Uzst\u0101d\u012bt\u0101s iek\u0101rtas:<br \/><\/strong>MYSILO uzglab\u0101\u0161ana<br \/>PRECO transport\u0113\u0161anas sist\u0113mas<\/p>\t\t\t\t\t\t\t\t<\/div>\n\t\t\t\t<\/div>\n\t\t\t\t<\/div>\n\t\t\t\t\t<\/div>\n\t\t\t\t<\/div>\n\t\t<div class=\"elementor-element elementor-element-12f6373 e-flex e-con-boxed e-con e-parent\" data-id=\"12f6373\" data-element_type=\"container\" data-e-type=\"container\">\n\t\t\t\t\t<div class=\"e-con-inner\">\n\t\t<div class=\"elementor-element elementor-element-389a648 e-con-full e-flex e-con e-child\" data-id=\"389a648\" data-element_type=\"container\" data-e-type=\"container\">\n\t\t\t\t<div class=\"elementor-element elementor-element-fcd7d80 animated-slow elementor-widget elementor-widget-heading\" data-id=\"fcd7d80\" data-element_type=\"widget\" data-e-type=\"widget\" data-settings=\"{&quot;_animation&quot;:&quot;none&quot;}\" data-widget_type=\"heading.default\">\n\t\t\t\t\t<h2 class=\"elementor-heading-title elementor-size-default\">PAR PROJEKTU<\/h2>\t\t\t\t<\/div>\n\t\t\t\t<div class=\"elementor-element elementor-element-c8413a9 elementor-widget-divider--view-line elementor-widget elementor-widget-divider\" data-id=\"c8413a9\" data-element_type=\"widget\" data-e-type=\"widget\" data-widget_type=\"divider.default\">\n\t\t\t\t\t\t\t<div class=\"elementor-divider\">\n\t\t\t<span class=\"elementor-divider-separator\">\n\t\t\t\t\t\t<\/span>\n\t\t<\/div>\n\t\t\t\t\t\t<\/div>\n\t\t\t\t<div class=\"elementor-element elementor-element-f31ed47 elementor-widget elementor-widget-text-editor\" data-id=\"f31ed47\" data-element_type=\"widget\" data-e-type=\"widget\" data-widget_type=\"text-editor.default\">\n\t\t\t\t\t\t\t\t\t<p>Kevili ir liel\u0101kais Igaunijas zemnieku kooperat\u012bvs. \u0160aj\u0101 projekt\u0101 papildin\u0101j\u0101m eso\u0161o kompleksu ar diviem uzglab\u0101\u0161anas tor\u0146iem, katra ietilp\u012bba 16 900 m3, papildus pie\u0146em\u0161anu ar priek\u0161t\u012br\u012bt\u0101ju, magn\u0113tu, filtru putek\u013cu nos\u016bk\u0161anai un transportieru sist\u0113mu no PRECO ar jaudu 250 t\/h.<\/p><p>\u0160aj\u0101 projekt\u0101 liel\u0101kais izaicin\u0101jums bija mont\u0101\u017eas pacel\u0161anas metode, kuru lieliski atrisin\u0101jam ar skr\u016bves tipa celt\u0146iem.<\/p>\t\t\t\t\t\t\t\t<\/div>\n\t\t\t\t<\/div>\n\t\t<div class=\"elementor-element elementor-element-bc3b952 e-con-full e-flex e-con e-child\" data-id=\"bc3b952\" data-element_type=\"container\" data-e-type=\"container\">\n\t\t<div class=\"elementor-element elementor-element-57e551a e-flex e-con-boxed e-con e-child\" data-id=\"57e551a\" data-element_type=\"container\" data-e-type=\"container\">\n\t\t\t\t\t<div class=\"e-con-inner\">\n\t\t\t\t<div class=\"elementor-element elementor-element-9d4c67f elementor-widget elementor-widget-gallery\" data-id=\"9d4c67f\" data-element_type=\"widget\" data-e-type=\"widget\" data-settings=\"{&quot;ideal_row_height&quot;:{&quot;unit&quot;:&quot;px&quot;,&quot;size&quot;:193,&quot;sizes&quot;:[]},&quot;gallery_layout&quot;:&quot;justified&quot;,&quot;lazyload&quot;:&quot;yes&quot;,&quot;ideal_row_height_tablet&quot;:{&quot;unit&quot;:&quot;px&quot;,&quot;size&quot;:150,&quot;sizes&quot;:[]},&quot;ideal_row_height_mobile&quot;:{&quot;unit&quot;:&quot;px&quot;,&quot;size&quot;:150,&quot;sizes&quot;:[]},&quot;gap&quot;:{&quot;unit&quot;:&quot;px&quot;,&quot;size&quot;:10,&quot;sizes&quot;:[]},&quot;gap_tablet&quot;:{&quot;unit&quot;:&quot;px&quot;,&quot;size&quot;:10,&quot;sizes&quot;:[]},&quot;gap_mobile&quot;:{&quot;unit&quot;:&quot;px&quot;,&quot;size&quot;:10,&quot;sizes&quot;:[]},&quot;link_to&quot;:&quot;file&quot;,&quot;overlay_background&quot;:&quot;yes&quot;,&quot;content_hover_animation&quot;:&quot;fade-in&quot;}\" data-widget_type=\"gallery.default\">\n\t\t\t\t\t\t\t<div class=\"elementor-gallery__container\">\n\t\t\t\t\t\t\t<a class=\"e-gallery-item elementor-gallery-item elementor-animated-content\" href=\"https:\/\/graintech.lv\/wp-content\/uploads\/2025\/12\/KEVILI-Graintech-1.jpg\" data-elementor-open-lightbox=\"yes\" data-elementor-lightbox-slideshow=\"9d4c67f\" data-elementor-lightbox-title=\"KEVILI-Graintech-1\" data-e-action-hash=\"#elementor-action%3Aaction%3Dlightbox%26settings%3DeyJpZCI6MTI3MywidXJsIjoiaHR0cHM6XC9cL2dyYWludGVjaC5sdlwvd3AtY29udGVudFwvdXBsb2Fkc1wvMjAyNVwvMTJcL0tFVklMSS1HcmFpbnRlY2gtMS5qcGciLCJzbGlkZXNob3ciOiI5ZDRjNjdmIn0%3D\">\n\t\t\t\t\t<div class=\"e-gallery-image elementor-gallery-item__image\" data-thumbnail=\"https:\/\/graintech.lv\/wp-content\/uploads\/2025\/12\/KEVILI-Graintech-1-200x300.jpg\" data-width=\"200\" data-height=\"300\" aria-label=\"\" role=\"img\" ><\/div>\n\t\t\t\t\t\t\t\t\t\t\t<div class=\"elementor-gallery-item__overlay\"><\/div>\n\t\t\t\t\t\t\t\t\t\t\t\t\t\t<\/a>\n\t\t\t\t\t\t\t<a class=\"e-gallery-item elementor-gallery-item elementor-animated-content\" href=\"https:\/\/graintech.lv\/wp-content\/uploads\/2025\/12\/KEVILI-Graintech-2.jpg\" data-elementor-open-lightbox=\"yes\" data-elementor-lightbox-slideshow=\"9d4c67f\" data-elementor-lightbox-title=\"KEVILI-Graintech-2\" data-e-action-hash=\"#elementor-action%3Aaction%3Dlightbox%26settings%3DeyJpZCI6MTI3NCwidXJsIjoiaHR0cHM6XC9cL2dyYWludGVjaC5sdlwvd3AtY29udGVudFwvdXBsb2Fkc1wvMjAyNVwvMTJcL0tFVklMSS1HcmFpbnRlY2gtMi5qcGciLCJzbGlkZXNob3ciOiI5ZDRjNjdmIn0%3D\">\n\t\t\t\t\t<div class=\"e-gallery-image elementor-gallery-item__image\" data-thumbnail=\"https:\/\/graintech.lv\/wp-content\/uploads\/2025\/12\/KEVILI-Graintech-2-200x300.jpg\" data-width=\"200\" data-height=\"300\" aria-label=\"\" role=\"img\" ><\/div>\n\t\t\t\t\t\t\t\t\t\t\t<div class=\"elementor-gallery-item__overlay\"><\/div>\n\t\t\t\t\t\t\t\t\t\t\t\t\t\t<\/a>\n\t\t\t\t\t\t\t<a class=\"e-gallery-item elementor-gallery-item elementor-animated-content\" href=\"https:\/\/graintech.lv\/wp-content\/uploads\/2025\/12\/KEVILI-Graintech-3.jpg\" data-elementor-open-lightbox=\"yes\" data-elementor-lightbox-slideshow=\"9d4c67f\" data-elementor-lightbox-title=\"KEVILI-Graintech-3\" data-e-action-hash=\"#elementor-action%3Aaction%3Dlightbox%26settings%3DeyJpZCI6MTI3NSwidXJsIjoiaHR0cHM6XC9cL2dyYWludGVjaC5sdlwvd3AtY29udGVudFwvdXBsb2Fkc1wvMjAyNVwvMTJcL0tFVklMSS1HcmFpbnRlY2gtMy5qcGciLCJzbGlkZXNob3ciOiI5ZDRjNjdmIn0%3D\">\n\t\t\t\t\t<div class=\"e-gallery-image elementor-gallery-item__image\" data-thumbnail=\"https:\/\/graintech.lv\/wp-content\/uploads\/2025\/12\/KEVILI-Graintech-3-200x300.jpg\" data-width=\"200\" data-height=\"300\" aria-label=\"\" role=\"img\" ><\/div>\n\t\t\t\t\t\t\t\t\t\t\t<div class=\"elementor-gallery-item__overlay\"><\/div>\n\t\t\t\t\t\t\t\t\t\t\t\t\t\t<\/a>\n\t\t\t\t\t\t\t<a class=\"e-gallery-item elementor-gallery-item elementor-animated-content\" href=\"https:\/\/graintech.lv\/wp-content\/uploads\/2025\/12\/KEVILI-Graintech-4.jpg\" data-elementor-open-lightbox=\"yes\" data-elementor-lightbox-slideshow=\"9d4c67f\" data-elementor-lightbox-title=\"KEVILI-Graintech-4\" data-e-action-hash=\"#elementor-action%3Aaction%3Dlightbox%26settings%3DeyJpZCI6MTI3NiwidXJsIjoiaHR0cHM6XC9cL2dyYWludGVjaC5sdlwvd3AtY29udGVudFwvdXBsb2Fkc1wvMjAyNVwvMTJcL0tFVklMSS1HcmFpbnRlY2gtNC5qcGciLCJzbGlkZXNob3ciOiI5ZDRjNjdmIn0%3D\">\n\t\t\t\t\t<div class=\"e-gallery-image elementor-gallery-item__image\" data-thumbnail=\"https:\/\/graintech.lv\/wp-content\/uploads\/2025\/12\/KEVILI-Graintech-4-200x300.jpg\" data-width=\"200\" data-height=\"300\" aria-label=\"\" role=\"img\" ><\/div>\n\t\t\t\t\t\t\t\t\t\t\t<div class=\"elementor-gallery-item__overlay\"><\/div>\n\t\t\t\t\t\t\t\t\t\t\t\t\t\t<\/a>\n\t\t\t\t\t\t\t<a class=\"e-gallery-item elementor-gallery-item elementor-animated-content\" href=\"https:\/\/graintech.lv\/wp-content\/uploads\/2025\/12\/KEVILI-Graintech-5.jpg\" data-elementor-open-lightbox=\"yes\" data-elementor-lightbox-slideshow=\"9d4c67f\" data-elementor-lightbox-title=\"KEVILI-Graintech-5\" data-e-action-hash=\"#elementor-action%3Aaction%3Dlightbox%26settings%3DeyJpZCI6MTI3NywidXJsIjoiaHR0cHM6XC9cL2dyYWludGVjaC5sdlwvd3AtY29udGVudFwvdXBsb2Fkc1wvMjAyNVwvMTJcL0tFVklMSS1HcmFpbnRlY2gtNS5qcGciLCJzbGlkZXNob3ciOiI5ZDRjNjdmIn0%3D\">\n\t\t\t\t\t<div class=\"e-gallery-image elementor-gallery-item__image\" data-thumbnail=\"https:\/\/graintech.lv\/wp-content\/uploads\/2025\/12\/KEVILI-Graintech-5-200x300.jpg\" data-width=\"200\" data-height=\"300\" aria-label=\"\" role=\"img\" ><\/div>\n\t\t\t\t\t\t\t\t\t\t\t<div class=\"elementor-gallery-item__overlay\"><\/div>\n\t\t\t\t\t\t\t\t\t\t\t\t\t\t<\/a>\n\t\t\t\t\t\t\t<a class=\"e-gallery-item elementor-gallery-item elementor-animated-content\" href=\"https:\/\/graintech.lv\/wp-content\/uploads\/2025\/12\/KEVILI-Graintech-6.jpg\" data-elementor-open-lightbox=\"yes\" data-elementor-lightbox-slideshow=\"9d4c67f\" data-elementor-lightbox-title=\"KEVILI-Graintech-6\" data-e-action-hash=\"#elementor-action%3Aaction%3Dlightbox%26settings%3DeyJpZCI6MTI3OCwidXJsIjoiaHR0cHM6XC9cL2dyYWludGVjaC5sdlwvd3AtY29udGVudFwvdXBsb2Fkc1wvMjAyNVwvMTJcL0tFVklMSS1HcmFpbnRlY2gtNi5qcGciLCJzbGlkZXNob3ciOiI5ZDRjNjdmIn0%3D\">\n\t\t\t\t\t<div class=\"e-gallery-image elementor-gallery-item__image\" data-thumbnail=\"https:\/\/graintech.lv\/wp-content\/uploads\/2025\/12\/KEVILI-Graintech-6-200x300.jpg\" data-width=\"200\" data-height=\"300\" aria-label=\"\" role=\"img\" ><\/div>\n\t\t\t\t\t\t\t\t\t\t\t<div class=\"elementor-gallery-item__overlay\"><\/div>\n\t\t\t\t\t\t\t\t\t\t\t\t\t\t<\/a>\n\t\t\t\t\t\t\t<a class=\"e-gallery-item elementor-gallery-item elementor-animated-content\" href=\"https:\/\/graintech.lv\/wp-content\/uploads\/2025\/12\/KEVILI-Graintech-7.jpg\" data-elementor-open-lightbox=\"yes\" data-elementor-lightbox-slideshow=\"9d4c67f\" data-elementor-lightbox-title=\"KEVILI-Graintech-7\" data-e-action-hash=\"#elementor-action%3Aaction%3Dlightbox%26settings%3DeyJpZCI6MTI3OSwidXJsIjoiaHR0cHM6XC9cL2dyYWludGVjaC5sdlwvd3AtY29udGVudFwvdXBsb2Fkc1wvMjAyNVwvMTJcL0tFVklMSS1HcmFpbnRlY2gtNy5qcGciLCJzbGlkZXNob3ciOiI5ZDRjNjdmIn0%3D\">\n\t\t\t\t\t<div class=\"e-gallery-image elementor-gallery-item__image\" data-thumbnail=\"https:\/\/graintech.lv\/wp-content\/uploads\/2025\/12\/KEVILI-Graintech-7-200x300.jpg\" data-width=\"200\" data-height=\"300\" aria-label=\"\" role=\"img\" ><\/div>\n\t\t\t\t\t\t\t\t\t\t\t<div class=\"elementor-gallery-item__overlay\"><\/div>\n\t\t\t\t\t\t\t\t\t\t\t\t\t\t<\/a>\n\t\t\t\t\t\t\t<a class=\"e-gallery-item elementor-gallery-item elementor-animated-content\" href=\"https:\/\/graintech.lv\/wp-content\/uploads\/2025\/12\/KEVILI-Graintech-8.jpg\" data-elementor-open-lightbox=\"yes\" data-elementor-lightbox-slideshow=\"9d4c67f\" data-elementor-lightbox-title=\"KEVILI-Graintech-8\" data-e-action-hash=\"#elementor-action%3Aaction%3Dlightbox%26settings%3DeyJpZCI6MTI4MCwidXJsIjoiaHR0cHM6XC9cL2dyYWludGVjaC5sdlwvd3AtY29udGVudFwvdXBsb2Fkc1wvMjAyNVwvMTJcL0tFVklMSS1HcmFpbnRlY2gtOC5qcGciLCJzbGlkZXNob3ciOiI5ZDRjNjdmIn0%3D\">\n\t\t\t\t\t<div class=\"e-gallery-image elementor-gallery-item__image\" data-thumbnail=\"https:\/\/graintech.lv\/wp-content\/uploads\/2025\/12\/KEVILI-Graintech-8-200x300.jpg\" data-width=\"200\" data-height=\"300\" aria-label=\"\" role=\"img\" ><\/div>\n\t\t\t\t\t\t\t\t\t\t\t<div class=\"elementor-gallery-item__overlay\"><\/div>\n\t\t\t\t\t\t\t\t\t\t\t\t\t\t<\/a>\n\t\t\t\t\t\t\t<a class=\"e-gallery-item elementor-gallery-item elementor-animated-content\" href=\"https:\/\/graintech.lv\/wp-content\/uploads\/2025\/12\/KEVILI-Graintech-9.jpg\" data-elementor-open-lightbox=\"yes\" data-elementor-lightbox-slideshow=\"9d4c67f\" data-elementor-lightbox-title=\"KEVILI-Graintech-9\" data-e-action-hash=\"#elementor-action%3Aaction%3Dlightbox%26settings%3DeyJpZCI6MTI4MSwidXJsIjoiaHR0cHM6XC9cL2dyYWludGVjaC5sdlwvd3AtY29udGVudFwvdXBsb2Fkc1wvMjAyNVwvMTJcL0tFVklMSS1HcmFpbnRlY2gtOS5qcGciLCJzbGlkZXNob3ciOiI5ZDRjNjdmIn0%3D\">\n\t\t\t\t\t<div class=\"e-gallery-image elementor-gallery-item__image\" data-thumbnail=\"https:\/\/graintech.lv\/wp-content\/uploads\/2025\/12\/KEVILI-Graintech-9-200x300.jpg\" data-width=\"200\" data-height=\"300\" aria-label=\"\" role=\"img\" ><\/div>\n\t\t\t\t\t\t\t\t\t\t\t<div class=\"elementor-gallery-item__overlay\"><\/div>\n\t\t\t\t\t\t\t\t\t\t\t\t\t\t<\/a>\n\t\t\t\t\t\t\t<a class=\"e-gallery-item elementor-gallery-item elementor-animated-content\" href=\"https:\/\/graintech.lv\/wp-content\/uploads\/2025\/12\/KEVILI-Graintech-10.jpg\" data-elementor-open-lightbox=\"yes\" data-elementor-lightbox-slideshow=\"9d4c67f\" data-elementor-lightbox-title=\"KEVILI-Graintech-10\" data-e-action-hash=\"#elementor-action%3Aaction%3Dlightbox%26settings%3DeyJpZCI6MTI4MiwidXJsIjoiaHR0cHM6XC9cL2dyYWludGVjaC5sdlwvd3AtY29udGVudFwvdXBsb2Fkc1wvMjAyNVwvMTJcL0tFVklMSS1HcmFpbnRlY2gtMTAuanBnIiwic2xpZGVzaG93IjoiOWQ0YzY3ZiJ9\">\n\t\t\t\t\t<div class=\"e-gallery-image elementor-gallery-item__image\" data-thumbnail=\"https:\/\/graintech.lv\/wp-content\/uploads\/2025\/12\/KEVILI-Graintech-10-300x200.jpg\" data-width=\"300\" data-height=\"200\" aria-label=\"\" role=\"img\" ><\/div>\n\t\t\t\t\t\t\t\t\t\t\t<div class=\"elementor-gallery-item__overlay\"><\/div>\n\t\t\t\t\t\t\t\t\t\t\t\t\t\t<\/a>\n\t\t\t\t\t<\/div>\n\t\t\t\t\t<\/div>\n\t\t\t\t\t<\/div>\n\t\t\t\t<\/div>\n\t\t\t\t<\/div>\n\t\t\t\t\t<\/div>\n\t\t\t\t<\/div>\n\t\t\t\t<\/div>","protected":false},"excerpt":{"rendered":"<p>UZGLAB\u0100\u0160ANAS PAPLA\u0160IN\u0100\u0160ANA KEVILI, Rongu (EST) VISI PROJEKTI Gads:\u00a0 2023Klients: KEVILIUzst\u0101d\u012bt\u0101s iek\u0101rtas:MYSILO uzglab\u0101\u0161anaPRECO transport\u0113\u0161anas sist\u0113mas PAR PROJEKTU Kevili ir liel\u0101kais Igaunijas zemnieku kooperat\u012bvs. \u0160aj\u0101 projekt\u0101 papildin\u0101j\u0101m eso\u0161o kompleksu ar diviem uzglab\u0101\u0161anas tor\u0146iem, katra ietilp\u012bba 16 900 m3, papildus pie\u0146em\u0161anu ar priek\u0161t\u012br\u012bt\u0101ju, magn\u0113tu, filtru putek\u013cu nos\u016bk\u0161anai un transportieru sist\u0113mu no PRECO ar jaudu 250 t\/h. \u0160aj\u0101 projekt\u0101 [&hellip;]<\/p>\n","protected":false},"author":1,"featured_media":0,"parent":0,"menu_order":0,"comment_status":"closed","ping_status":"closed","template":"","meta":{"footnotes":""},"class_list":["post-1269","page","type-page","status-publish","hentry"],"_links":{"self":[{"href":"https:\/\/graintech.lv\/en\/wp-json\/wp\/v2\/pages\/1269","targetHints":{"allow":["GET"]}}],"collection":[{"href":"https:\/\/graintech.lv\/en\/wp-json\/wp\/v2\/pages"}],"about":[{"href":"https:\/\/graintech.lv\/en\/wp-json\/wp\/v2\/types\/page"}],"author":[{"embeddable":true,"href":"https:\/\/graintech.lv\/en\/wp-json\/wp\/v2\/users\/1"}],"replies":[{"embeddable":true,"href":"https:\/\/graintech.lv\/en\/wp-json\/wp\/v2\/comments?post=1269"}],"version-history":[{"count":4,"href":"https:\/\/graintech.lv\/en\/wp-json\/wp\/v2\/pages\/1269\/revisions"}],"predecessor-version":[{"id":1285,"href":"https:\/\/graintech.lv\/en\/wp-json\/wp\/v2\/pages\/1269\/revisions\/1285"}],"wp:attachment":[{"href":"https:\/\/graintech.lv\/en\/wp-json\/wp\/v2\/media?parent=1269"}],"curies":[{"name":"wp","href":"https:\/\/api.w.org\/{rel}","templated":true}]}}