{"id":1399,"date":"2025-12-16T12:54:45","date_gmt":"2025-12-16T12:54:45","guid":{"rendered":"https:\/\/www.graintech.lv\/?page_id=1399"},"modified":"2025-12-16T13:00:44","modified_gmt":"2025-12-16T13:00:44","slug":"druvas","status":"publish","type":"page","link":"https:\/\/graintech.lv\/en\/druvas\/","title":{"rendered":"DRUVAS"},"content":{"rendered":"<div data-elementor-type=\"wp-page\" data-elementor-id=\"1399\" class=\"elementor elementor-1399\" data-elementor-post-type=\"page\">\n\t\t\t\t<div class=\"elementor-element elementor-element-22d96eb5 e-flex e-con-boxed e-con e-parent\" data-id=\"22d96eb5\" data-element_type=\"container\" data-e-type=\"container\" data-settings=\"{&quot;background_background&quot;:&quot;classic&quot;}\">\n\t\t\t\t\t<div class=\"e-con-inner\">\n\t\t<div class=\"elementor-element elementor-element-2cb39e31 e-con-full e-flex e-con e-child\" data-id=\"2cb39e31\" data-element_type=\"container\" data-e-type=\"container\">\n\t\t<div class=\"elementor-element elementor-element-2f4fc0f4 e-con-full e-flex e-con e-child\" data-id=\"2f4fc0f4\" data-element_type=\"container\" data-e-type=\"container\">\n\t\t\t\t<div class=\"elementor-element elementor-element-45cda7eb animated-slow elementor-invisible elementor-widget elementor-widget-heading\" data-id=\"45cda7eb\" data-element_type=\"widget\" data-e-type=\"widget\" data-settings=\"{&quot;_animation&quot;:&quot;slideInUp&quot;}\" data-widget_type=\"heading.default\">\n\t\t\t\t\t<h2 class=\"elementor-heading-title elementor-size-default\">RISIN\u0100JUMS BIOLO\u0122ISKAJAI SAIMNIEC\u012aBAI<\/h2>\t\t\t\t<\/div>\n\t\t\t\t<div class=\"elementor-element elementor-element-0d633be animated-slow elementor-invisible elementor-widget elementor-widget-heading\" data-id=\"0d633be\" data-element_type=\"widget\" data-e-type=\"widget\" data-settings=\"{&quot;_animation&quot;:&quot;slideInUp&quot;}\" data-widget_type=\"heading.default\">\n\t\t\t\t\t<h2 class=\"elementor-heading-title elementor-size-default\">Z\/S DRUVAS<\/h2>\t\t\t\t<\/div>\n\t\t\t\t<div class=\"elementor-element elementor-element-2a7cc5fb elementor-align-left elementor-hidden-mobile elementor-widget elementor-widget-button\" data-id=\"2a7cc5fb\" data-element_type=\"widget\" data-e-type=\"widget\" data-widget_type=\"button.default\">\n\t\t\t\t\t\t\t\t\t\t<a class=\"elementor-button elementor-button-link elementor-size-lg elementor-animation-grow\" href=\"https:\/\/graintech.online\/realizetie-projekti\/\">\n\t\t\t\t\t\t<span class=\"elementor-button-content-wrapper\">\n\t\t\t\t\t\t\t\t\t<span class=\"elementor-button-text\">VISI PROJEKTI<\/span>\n\t\t\t\t\t<\/span>\n\t\t\t\t\t<\/a>\n\t\t\t\t\t\t\t\t<\/div>\n\t\t\t\t<\/div>\n\t\t<div class=\"elementor-element elementor-element-c0e943 e-con-full e-flex e-con e-child\" data-id=\"c0e943\" data-element_type=\"container\" data-e-type=\"container\">\n\t\t\t\t<div class=\"elementor-element elementor-element-437fdff elementor-widget elementor-widget-text-editor\" data-id=\"437fdff\" data-element_type=\"widget\" data-e-type=\"widget\" data-widget_type=\"text-editor.default\">\n\t\t\t\t\t\t\t\t\t<p><strong style=\"color: #ffd200;\">Gads:<\/strong> 2016\/2019\/2023<br \/><strong style=\"color: #ffd200;\">Klients:<\/strong> Z\/S &#8220;DRUVAS&#8221;<br \/><strong style=\"color: #ffd200;\">Uzst\u0101d\u012bt\u0101s iek\u0101rtas:<br \/><\/strong>Preco caurpl\u016bdes kalte<br \/>MYSILO mitro graudu konusveida silos un sauso graudu konusveida silos operat\u012bvai graudu kust\u012bbai, k\u0101 ar\u012b plakangr\u012bdas tor\u0146i sauso graudu sezon\u0101lai uzglab\u0101\u0161anai\u00a0\u00a0<\/p>\t\t\t\t\t\t\t\t<\/div>\n\t\t\t\t<\/div>\n\t\t\t\t<\/div>\n\t\t\t\t\t<\/div>\n\t\t\t\t<\/div>\n\t\t<div class=\"elementor-element elementor-element-12f6373 e-flex e-con-boxed e-con e-parent\" data-id=\"12f6373\" data-element_type=\"container\" data-e-type=\"container\">\n\t\t\t\t\t<div class=\"e-con-inner\">\n\t\t<div class=\"elementor-element elementor-element-389a648 e-con-full e-flex e-con e-child\" data-id=\"389a648\" data-element_type=\"container\" data-e-type=\"container\">\n\t\t\t\t<div class=\"elementor-element elementor-element-fcd7d80 animated-slow elementor-widget elementor-widget-heading\" data-id=\"fcd7d80\" data-element_type=\"widget\" data-e-type=\"widget\" data-settings=\"{&quot;_animation&quot;:&quot;none&quot;}\" data-widget_type=\"heading.default\">\n\t\t\t\t\t<h2 class=\"elementor-heading-title elementor-size-default\">PAR PROJEKTU<\/h2>\t\t\t\t<\/div>\n\t\t\t\t<div class=\"elementor-element elementor-element-c8413a9 elementor-widget-divider--view-line elementor-widget elementor-widget-divider\" data-id=\"c8413a9\" data-element_type=\"widget\" data-e-type=\"widget\" data-widget_type=\"divider.default\">\n\t\t\t\t\t\t\t<div class=\"elementor-divider\">\n\t\t\t<span class=\"elementor-divider-separator\">\n\t\t\t\t\t\t<\/span>\n\t\t<\/div>\n\t\t\t\t\t\t<\/div>\n\t\t\t\t<div class=\"elementor-element elementor-element-f31ed47 elementor-widget elementor-widget-text-editor\" data-id=\"f31ed47\" data-element_type=\"widget\" data-e-type=\"widget\" data-widget_type=\"text-editor.default\">\n\t\t\t\t\t\t\t\t\t<p>Esam \u0161o projektu realiz\u0113ju\u0161i vair\u0101kos etapos, kas aizs\u0101k\u0101s ar plakangr\u012bdas torni\u00a0 2016. gad\u0101 un\u00a0 turpin\u0101j\u0101s 2019. gad\u0101 ar eso\u0161\u0101s mobil\u0101s\u00a0 graudu kaltes nomai\u0146u pret Preco siltin\u0101tu graudu caurpl\u016bdes tipa kalti ar rekuper\u0101cijas funkciju un vad\u012bbu no LCD sk\u0101rienj\u016bt\u012bg\u0101 ekr\u0101na un MYSILO mitro graudu konusveida silos un sauso graudu konusveida silos operat\u012bvai graudu kust\u012bbai. Kompakta pie\u0146em\u0161anas bedre kas paredz\u0113ta piebraucama un p\u0113c darba nosl\u0113dzama ar tenta konstrukciju. <br \/><br \/>Projektu esam nosl\u0113gu\u0161i ar Mysilo divu plakangr\u012bdu tipa graudu tor\u0146u uzt\u0101d\u012b\u0161anu, kas apr\u012bkoti ar Preco transportieru sist\u0113mu graudu uzpild\u012b\u0161anai un iztuk\u0161o\u0161anai no tor\u0146iem.<\/p>\t\t\t\t\t\t\t\t<\/div>\n\t\t\t\t<\/div>\n\t\t<div class=\"elementor-element elementor-element-bc3b952 e-con-full e-flex e-con e-child\" data-id=\"bc3b952\" data-element_type=\"container\" data-e-type=\"container\">\n\t\t<div class=\"elementor-element elementor-element-57e551a e-flex e-con-boxed e-con e-child\" data-id=\"57e551a\" data-element_type=\"container\" data-e-type=\"container\">\n\t\t\t\t\t<div class=\"e-con-inner\">\n\t\t\t\t<div class=\"elementor-element elementor-element-9d4c67f elementor-widget elementor-widget-gallery\" data-id=\"9d4c67f\" data-element_type=\"widget\" data-e-type=\"widget\" data-settings=\"{&quot;ideal_row_height&quot;:{&quot;unit&quot;:&quot;px&quot;,&quot;size&quot;:193,&quot;sizes&quot;:[]},&quot;gallery_layout&quot;:&quot;justified&quot;,&quot;lazyload&quot;:&quot;yes&quot;,&quot;ideal_row_height_tablet&quot;:{&quot;unit&quot;:&quot;px&quot;,&quot;size&quot;:150,&quot;sizes&quot;:[]},&quot;ideal_row_height_mobile&quot;:{&quot;unit&quot;:&quot;px&quot;,&quot;size&quot;:150,&quot;sizes&quot;:[]},&quot;gap&quot;:{&quot;unit&quot;:&quot;px&quot;,&quot;size&quot;:10,&quot;sizes&quot;:[]},&quot;gap_tablet&quot;:{&quot;unit&quot;:&quot;px&quot;,&quot;size&quot;:10,&quot;sizes&quot;:[]},&quot;gap_mobile&quot;:{&quot;unit&quot;:&quot;px&quot;,&quot;size&quot;:10,&quot;sizes&quot;:[]},&quot;link_to&quot;:&quot;file&quot;,&quot;overlay_background&quot;:&quot;yes&quot;,&quot;content_hover_animation&quot;:&quot;fade-in&quot;}\" data-widget_type=\"gallery.default\">\n\t\t\t\t\t\t\t<div class=\"elementor-gallery__container\">\n\t\t\t\t\t\t\t<a class=\"e-gallery-item elementor-gallery-item elementor-animated-content\" href=\"https:\/\/graintech.lv\/wp-content\/uploads\/2025\/12\/ZS-Druvas-Graintech-1.jpg\" data-elementor-open-lightbox=\"yes\" data-elementor-lightbox-slideshow=\"9d4c67f\" data-elementor-lightbox-title=\"ZS-Druvas-Graintech-1\" data-e-action-hash=\"#elementor-action%3Aaction%3Dlightbox%26settings%3DeyJpZCI6MTQwMiwidXJsIjoiaHR0cHM6XC9cL2dyYWludGVjaC5sdlwvd3AtY29udGVudFwvdXBsb2Fkc1wvMjAyNVwvMTJcL1pTLURydXZhcy1HcmFpbnRlY2gtMS5qcGciLCJzbGlkZXNob3ciOiI5ZDRjNjdmIn0%3D\">\n\t\t\t\t\t<div class=\"e-gallery-image elementor-gallery-item__image\" data-thumbnail=\"https:\/\/graintech.lv\/wp-content\/uploads\/2025\/12\/ZS-Druvas-Graintech-1-300x200.jpg\" data-width=\"300\" data-height=\"200\" aria-label=\"\" role=\"img\" ><\/div>\n\t\t\t\t\t\t\t\t\t\t\t<div class=\"elementor-gallery-item__overlay\"><\/div>\n\t\t\t\t\t\t\t\t\t\t\t\t\t\t<\/a>\n\t\t\t\t\t\t\t<a class=\"e-gallery-item elementor-gallery-item elementor-animated-content\" href=\"https:\/\/graintech.lv\/wp-content\/uploads\/2025\/12\/ZS-Druvas-Graintech-2.jpg\" data-elementor-open-lightbox=\"yes\" data-elementor-lightbox-slideshow=\"9d4c67f\" data-elementor-lightbox-title=\"ZS-Druvas-Graintech-2\" data-e-action-hash=\"#elementor-action%3Aaction%3Dlightbox%26settings%3DeyJpZCI6MTQwMywidXJsIjoiaHR0cHM6XC9cL2dyYWludGVjaC5sdlwvd3AtY29udGVudFwvdXBsb2Fkc1wvMjAyNVwvMTJcL1pTLURydXZhcy1HcmFpbnRlY2gtMi5qcGciLCJzbGlkZXNob3ciOiI5ZDRjNjdmIn0%3D\">\n\t\t\t\t\t<div class=\"e-gallery-image elementor-gallery-item__image\" data-thumbnail=\"https:\/\/graintech.lv\/wp-content\/uploads\/2025\/12\/ZS-Druvas-Graintech-2-200x300.jpg\" data-width=\"200\" data-height=\"300\" aria-label=\"\" role=\"img\" ><\/div>\n\t\t\t\t\t\t\t\t\t\t\t<div class=\"elementor-gallery-item__overlay\"><\/div>\n\t\t\t\t\t\t\t\t\t\t\t\t\t\t<\/a>\n\t\t\t\t\t\t\t<a class=\"e-gallery-item elementor-gallery-item elementor-animated-content\" href=\"https:\/\/graintech.lv\/wp-content\/uploads\/2025\/12\/ZS-Druvas-Graintech-3.jpg\" data-elementor-open-lightbox=\"yes\" data-elementor-lightbox-slideshow=\"9d4c67f\" data-elementor-lightbox-title=\"ZS-Druvas-Graintech-3\" data-e-action-hash=\"#elementor-action%3Aaction%3Dlightbox%26settings%3DeyJpZCI6MTQwNCwidXJsIjoiaHR0cHM6XC9cL2dyYWludGVjaC5sdlwvd3AtY29udGVudFwvdXBsb2Fkc1wvMjAyNVwvMTJcL1pTLURydXZhcy1HcmFpbnRlY2gtMy5qcGciLCJzbGlkZXNob3ciOiI5ZDRjNjdmIn0%3D\">\n\t\t\t\t\t<div class=\"e-gallery-image elementor-gallery-item__image\" data-thumbnail=\"https:\/\/graintech.lv\/wp-content\/uploads\/2025\/12\/ZS-Druvas-Graintech-3-300x200.jpg\" data-width=\"300\" data-height=\"200\" aria-label=\"\" role=\"img\" ><\/div>\n\t\t\t\t\t\t\t\t\t\t\t<div class=\"elementor-gallery-item__overlay\"><\/div>\n\t\t\t\t\t\t\t\t\t\t\t\t\t\t<\/a>\n\t\t\t\t\t\t\t<a class=\"e-gallery-item elementor-gallery-item elementor-animated-content\" href=\"https:\/\/graintech.lv\/wp-content\/uploads\/2025\/12\/ZS-Druvas-Graintech-4.jpg\" data-elementor-open-lightbox=\"yes\" data-elementor-lightbox-slideshow=\"9d4c67f\" data-elementor-lightbox-title=\"ZS-Druvas-Graintech-4\" data-e-action-hash=\"#elementor-action%3Aaction%3Dlightbox%26settings%3DeyJpZCI6MTQwNSwidXJsIjoiaHR0cHM6XC9cL2dyYWludGVjaC5sdlwvd3AtY29udGVudFwvdXBsb2Fkc1wvMjAyNVwvMTJcL1pTLURydXZhcy1HcmFpbnRlY2gtNC5qcGciLCJzbGlkZXNob3ciOiI5ZDRjNjdmIn0%3D\">\n\t\t\t\t\t<div class=\"e-gallery-image elementor-gallery-item__image\" data-thumbnail=\"https:\/\/graintech.lv\/wp-content\/uploads\/2025\/12\/ZS-Druvas-Graintech-4-300x200.jpg\" data-width=\"300\" data-height=\"200\" aria-label=\"\" role=\"img\" ><\/div>\n\t\t\t\t\t\t\t\t\t\t\t<div class=\"elementor-gallery-item__overlay\"><\/div>\n\t\t\t\t\t\t\t\t\t\t\t\t\t\t<\/a>\n\t\t\t\t\t\t\t<a class=\"e-gallery-item elementor-gallery-item elementor-animated-content\" href=\"https:\/\/graintech.lv\/wp-content\/uploads\/2025\/12\/ZS-Druvas-Graintech-5.jpg\" data-elementor-open-lightbox=\"yes\" data-elementor-lightbox-slideshow=\"9d4c67f\" data-elementor-lightbox-title=\"ZS-Druvas-Graintech-5\" data-e-action-hash=\"#elementor-action%3Aaction%3Dlightbox%26settings%3DeyJpZCI6MTQwNiwidXJsIjoiaHR0cHM6XC9cL2dyYWludGVjaC5sdlwvd3AtY29udGVudFwvdXBsb2Fkc1wvMjAyNVwvMTJcL1pTLURydXZhcy1HcmFpbnRlY2gtNS5qcGciLCJzbGlkZXNob3ciOiI5ZDRjNjdmIn0%3D\">\n\t\t\t\t\t<div class=\"e-gallery-image elementor-gallery-item__image\" data-thumbnail=\"https:\/\/graintech.lv\/wp-content\/uploads\/2025\/12\/ZS-Druvas-Graintech-5-300x200.jpg\" data-width=\"300\" data-height=\"200\" aria-label=\"\" role=\"img\" ><\/div>\n\t\t\t\t\t\t\t\t\t\t\t<div class=\"elementor-gallery-item__overlay\"><\/div>\n\t\t\t\t\t\t\t\t\t\t\t\t\t\t<\/a>\n\t\t\t\t\t\t\t<a class=\"e-gallery-item elementor-gallery-item elementor-animated-content\" href=\"https:\/\/graintech.lv\/wp-content\/uploads\/2025\/12\/ZS-Druvas-Graintech-6.jpg\" data-elementor-open-lightbox=\"yes\" data-elementor-lightbox-slideshow=\"9d4c67f\" data-elementor-lightbox-title=\"ZS-Druvas-Graintech-6\" data-e-action-hash=\"#elementor-action%3Aaction%3Dlightbox%26settings%3DeyJpZCI6MTQwNywidXJsIjoiaHR0cHM6XC9cL2dyYWludGVjaC5sdlwvd3AtY29udGVudFwvdXBsb2Fkc1wvMjAyNVwvMTJcL1pTLURydXZhcy1HcmFpbnRlY2gtNi5qcGciLCJzbGlkZXNob3ciOiI5ZDRjNjdmIn0%3D\">\n\t\t\t\t\t<div class=\"e-gallery-image elementor-gallery-item__image\" data-thumbnail=\"https:\/\/graintech.lv\/wp-content\/uploads\/2025\/12\/ZS-Druvas-Graintech-6-300x200.jpg\" data-width=\"300\" data-height=\"200\" aria-label=\"\" role=\"img\" ><\/div>\n\t\t\t\t\t\t\t\t\t\t\t<div class=\"elementor-gallery-item__overlay\"><\/div>\n\t\t\t\t\t\t\t\t\t\t\t\t\t\t<\/a>\n\t\t\t\t\t\t\t<a class=\"e-gallery-item elementor-gallery-item elementor-animated-content\" href=\"https:\/\/graintech.lv\/wp-content\/uploads\/2025\/12\/ZS-Druvas-Graintech-7.jpg\" data-elementor-open-lightbox=\"yes\" data-elementor-lightbox-slideshow=\"9d4c67f\" data-elementor-lightbox-title=\"ZS-Druvas-Graintech-7\" data-e-action-hash=\"#elementor-action%3Aaction%3Dlightbox%26settings%3DeyJpZCI6MTQwOCwidXJsIjoiaHR0cHM6XC9cL2dyYWludGVjaC5sdlwvd3AtY29udGVudFwvdXBsb2Fkc1wvMjAyNVwvMTJcL1pTLURydXZhcy1HcmFpbnRlY2gtNy5qcGciLCJzbGlkZXNob3ciOiI5ZDRjNjdmIn0%3D\">\n\t\t\t\t\t<div class=\"e-gallery-image elementor-gallery-item__image\" data-thumbnail=\"https:\/\/graintech.lv\/wp-content\/uploads\/2025\/12\/ZS-Druvas-Graintech-7-300x200.jpg\" data-width=\"300\" data-height=\"200\" aria-label=\"\" role=\"img\" ><\/div>\n\t\t\t\t\t\t\t\t\t\t\t<div class=\"elementor-gallery-item__overlay\"><\/div>\n\t\t\t\t\t\t\t\t\t\t\t\t\t\t<\/a>\n\t\t\t\t\t\t\t<a class=\"e-gallery-item elementor-gallery-item elementor-animated-content\" href=\"https:\/\/graintech.lv\/wp-content\/uploads\/2025\/12\/ZS-Druvas-Graintech-8.jpg\" data-elementor-open-lightbox=\"yes\" data-elementor-lightbox-slideshow=\"9d4c67f\" data-elementor-lightbox-title=\"ZS-Druvas-Graintech-8\" data-e-action-hash=\"#elementor-action%3Aaction%3Dlightbox%26settings%3DeyJpZCI6MTQwOSwidXJsIjoiaHR0cHM6XC9cL2dyYWludGVjaC5sdlwvd3AtY29udGVudFwvdXBsb2Fkc1wvMjAyNVwvMTJcL1pTLURydXZhcy1HcmFpbnRlY2gtOC5qcGciLCJzbGlkZXNob3ciOiI5ZDRjNjdmIn0%3D\">\n\t\t\t\t\t<div class=\"e-gallery-image elementor-gallery-item__image\" data-thumbnail=\"https:\/\/graintech.lv\/wp-content\/uploads\/2025\/12\/ZS-Druvas-Graintech-8-200x300.jpg\" data-width=\"200\" data-height=\"300\" aria-label=\"\" role=\"img\" ><\/div>\n\t\t\t\t\t\t\t\t\t\t\t<div class=\"elementor-gallery-item__overlay\"><\/div>\n\t\t\t\t\t\t\t\t\t\t\t\t\t\t<\/a>\n\t\t\t\t\t\t\t<a class=\"e-gallery-item elementor-gallery-item elementor-animated-content\" href=\"https:\/\/graintech.lv\/wp-content\/uploads\/2025\/12\/ZS-Druvas-Graintech-9.jpg\" data-elementor-open-lightbox=\"yes\" data-elementor-lightbox-slideshow=\"9d4c67f\" data-elementor-lightbox-title=\"ZS-Druvas-Graintech-9\" data-e-action-hash=\"#elementor-action%3Aaction%3Dlightbox%26settings%3DeyJpZCI6MTQxMCwidXJsIjoiaHR0cHM6XC9cL2dyYWludGVjaC5sdlwvd3AtY29udGVudFwvdXBsb2Fkc1wvMjAyNVwvMTJcL1pTLURydXZhcy1HcmFpbnRlY2gtOS5qcGciLCJzbGlkZXNob3ciOiI5ZDRjNjdmIn0%3D\">\n\t\t\t\t\t<div class=\"e-gallery-image elementor-gallery-item__image\" data-thumbnail=\"https:\/\/graintech.lv\/wp-content\/uploads\/2025\/12\/ZS-Druvas-Graintech-9-300x200.jpg\" data-width=\"300\" data-height=\"200\" aria-label=\"\" role=\"img\" ><\/div>\n\t\t\t\t\t\t\t\t\t\t\t<div class=\"elementor-gallery-item__overlay\"><\/div>\n\t\t\t\t\t\t\t\t\t\t\t\t\t\t<\/a>\n\t\t\t\t\t\t\t<a class=\"e-gallery-item elementor-gallery-item elementor-animated-content\" href=\"https:\/\/graintech.lv\/wp-content\/uploads\/2025\/12\/ZS-Druvas-Graintech-10.jpg\" data-elementor-open-lightbox=\"yes\" data-elementor-lightbox-slideshow=\"9d4c67f\" data-elementor-lightbox-title=\"ZS-Druvas-Graintech-10\" data-e-action-hash=\"#elementor-action%3Aaction%3Dlightbox%26settings%3DeyJpZCI6MTQxMSwidXJsIjoiaHR0cHM6XC9cL2dyYWludGVjaC5sdlwvd3AtY29udGVudFwvdXBsb2Fkc1wvMjAyNVwvMTJcL1pTLURydXZhcy1HcmFpbnRlY2gtMTAuanBnIiwic2xpZGVzaG93IjoiOWQ0YzY3ZiJ9\">\n\t\t\t\t\t<div class=\"e-gallery-image elementor-gallery-item__image\" data-thumbnail=\"https:\/\/graintech.lv\/wp-content\/uploads\/2025\/12\/ZS-Druvas-Graintech-10-200x300.jpg\" data-width=\"200\" data-height=\"300\" aria-label=\"\" role=\"img\" ><\/div>\n\t\t\t\t\t\t\t\t\t\t\t<div class=\"elementor-gallery-item__overlay\"><\/div>\n\t\t\t\t\t\t\t\t\t\t\t\t\t\t<\/a>\n\t\t\t\t\t\t\t<a class=\"e-gallery-item elementor-gallery-item elementor-animated-content\" href=\"https:\/\/graintech.lv\/wp-content\/uploads\/2025\/12\/ZS-Druvas-Graintech-11.jpg\" data-elementor-open-lightbox=\"yes\" data-elementor-lightbox-slideshow=\"9d4c67f\" data-elementor-lightbox-title=\"ZS-Druvas-Graintech-11\" data-e-action-hash=\"#elementor-action%3Aaction%3Dlightbox%26settings%3DeyJpZCI6MTQxMiwidXJsIjoiaHR0cHM6XC9cL2dyYWludGVjaC5sdlwvd3AtY29udGVudFwvdXBsb2Fkc1wvMjAyNVwvMTJcL1pTLURydXZhcy1HcmFpbnRlY2gtMTEuanBnIiwic2xpZGVzaG93IjoiOWQ0YzY3ZiJ9\">\n\t\t\t\t\t<div class=\"e-gallery-image elementor-gallery-item__image\" data-thumbnail=\"https:\/\/graintech.lv\/wp-content\/uploads\/2025\/12\/ZS-Druvas-Graintech-11-300x200.jpg\" data-width=\"300\" data-height=\"200\" aria-label=\"\" role=\"img\" ><\/div>\n\t\t\t\t\t\t\t\t\t\t\t<div class=\"elementor-gallery-item__overlay\"><\/div>\n\t\t\t\t\t\t\t\t\t\t\t\t\t\t<\/a>\n\t\t\t\t\t<\/div>\n\t\t\t\t\t<\/div>\n\t\t\t\t\t<\/div>\n\t\t\t\t<\/div>\n\t\t\t\t<\/div>\n\t\t\t\t\t<\/div>\n\t\t\t\t<\/div>\n\t\t\t\t<\/div>","protected":false},"excerpt":{"rendered":"<p>RISIN\u0100JUMS BIOLO\u0122ISKAJAI SAIMNIEC\u012aBAI Z\/S DRUVAS VISI PROJEKTI Gads: 2016\/2019\/2023Klients: Z\/S &#8220;DRUVAS&#8221;Uzst\u0101d\u012bt\u0101s iek\u0101rtas:Preco caurpl\u016bdes kalteMYSILO mitro graudu konusveida silos un sauso graudu konusveida silos operat\u012bvai graudu kust\u012bbai, k\u0101 ar\u012b plakangr\u012bdas tor\u0146i sauso graudu sezon\u0101lai uzglab\u0101\u0161anai\u00a0\u00a0 PAR PROJEKTU Esam \u0161o projektu realiz\u0113ju\u0161i vair\u0101kos etapos, kas aizs\u0101k\u0101s ar plakangr\u012bdas torni\u00a0 2016. gad\u0101 un\u00a0 turpin\u0101j\u0101s 2019. gad\u0101 ar eso\u0161\u0101s [&hellip;]<\/p>\n","protected":false},"author":1,"featured_media":0,"parent":0,"menu_order":0,"comment_status":"closed","ping_status":"closed","template":"","meta":{"footnotes":""},"class_list":["post-1399","page","type-page","status-publish","hentry"],"_links":{"self":[{"href":"https:\/\/graintech.lv\/en\/wp-json\/wp\/v2\/pages\/1399","targetHints":{"allow":["GET"]}}],"collection":[{"href":"https:\/\/graintech.lv\/en\/wp-json\/wp\/v2\/pages"}],"about":[{"href":"https:\/\/graintech.lv\/en\/wp-json\/wp\/v2\/types\/page"}],"author":[{"embeddable":true,"href":"https:\/\/graintech.lv\/en\/wp-json\/wp\/v2\/users\/1"}],"replies":[{"embeddable":true,"href":"https:\/\/graintech.lv\/en\/wp-json\/wp\/v2\/comments?post=1399"}],"version-history":[{"count":5,"href":"https:\/\/graintech.lv\/en\/wp-json\/wp\/v2\/pages\/1399\/revisions"}],"predecessor-version":[{"id":1416,"href":"https:\/\/graintech.lv\/en\/wp-json\/wp\/v2\/pages\/1399\/revisions\/1416"}],"wp:attachment":[{"href":"https:\/\/graintech.lv\/en\/wp-json\/wp\/v2\/media?parent=1399"}],"curies":[{"name":"wp","href":"https:\/\/api.w.org\/{rel}","templated":true}]}}