{"id":1417,"date":"2025-12-16T13:03:43","date_gmt":"2025-12-16T13:03:43","guid":{"rendered":"https:\/\/www.graintech.lv\/?page_id=1417"},"modified":"2025-12-16T13:23:39","modified_gmt":"2025-12-16T13:23:39","slug":"kristali","status":"publish","type":"page","link":"https:\/\/graintech.lv\/en\/kristali\/","title":{"rendered":"CHRISTAL"},"content":{"rendered":"<div data-elementor-type=\"wp-page\" data-elementor-id=\"1417\" class=\"elementor elementor-1417\" data-elementor-post-type=\"page\">\n\t\t\t\t<div class=\"elementor-element elementor-element-22d96eb5 e-flex e-con-boxed e-con e-parent\" data-id=\"22d96eb5\" data-element_type=\"container\" data-e-type=\"container\" data-settings=\"{&quot;background_background&quot;:&quot;classic&quot;}\">\n\t\t\t\t\t<div class=\"e-con-inner\">\n\t\t<div class=\"elementor-element elementor-element-2cb39e31 e-con-full e-flex e-con e-child\" data-id=\"2cb39e31\" data-element_type=\"container\" data-e-type=\"container\">\n\t\t<div class=\"elementor-element elementor-element-2f4fc0f4 e-con-full e-flex e-con e-child\" data-id=\"2f4fc0f4\" data-element_type=\"container\" data-e-type=\"container\">\n\t\t\t\t<div class=\"elementor-element elementor-element-0d633be animated-slow elementor-invisible elementor-widget elementor-widget-heading\" data-id=\"0d633be\" data-element_type=\"widget\" data-e-type=\"widget\" data-settings=\"{&quot;_animation&quot;:&quot;slideInUp&quot;}\" data-widget_type=\"heading.default\">\n\t\t\t\t\t<h2 class=\"elementor-heading-title elementor-size-default\">Z\/S KRIST\u0100LI<\/h2>\t\t\t\t<\/div>\n\t\t\t\t<div class=\"elementor-element elementor-element-2a7cc5fb elementor-align-left elementor-hidden-mobile elementor-widget elementor-widget-button\" data-id=\"2a7cc5fb\" data-element_type=\"widget\" data-e-type=\"widget\" data-widget_type=\"button.default\">\n\t\t\t\t\t\t\t\t\t\t<a class=\"elementor-button elementor-button-link elementor-size-lg elementor-animation-grow\" href=\"https:\/\/graintech.online\/realizetie-projekti\/\">\n\t\t\t\t\t\t<span class=\"elementor-button-content-wrapper\">\n\t\t\t\t\t\t\t\t\t<span class=\"elementor-button-text\">VISI PROJEKTI<\/span>\n\t\t\t\t\t<\/span>\n\t\t\t\t\t<\/a>\n\t\t\t\t\t\t\t\t<\/div>\n\t\t\t\t<\/div>\n\t\t<div class=\"elementor-element elementor-element-c0e943 e-con-full e-flex e-con e-child\" data-id=\"c0e943\" data-element_type=\"container\" data-e-type=\"container\">\n\t\t\t\t<div class=\"elementor-element elementor-element-437fdff elementor-widget elementor-widget-text-editor\" data-id=\"437fdff\" data-element_type=\"widget\" data-e-type=\"widget\" data-widget_type=\"text-editor.default\">\n\t\t\t\t\t\t\t\t\t<p><strong style=\"color: #ffd200;\">Gads:<\/strong>\u00a0 2020<br \/><strong style=\"color: #ffd200;\">Klients:<\/strong> Z\/S &#8220;KRIST\u0100LI&#8221;<br \/><strong style=\"color: #ffd200;\">Uzst\u0101d\u012bt\u0101s iek\u0101rtas:<br \/><\/strong>Preco caurpl\u016bdes tipa kalte MYSILO konusveida graudu silosi, mitro graudu operat\u012bvai kust\u012bbai, sauso graudu uzglab\u0101\u0161anai k\u0101 ar\u012b s\u0113klas graudu uzglab\u0101\u0161anai<br \/>Preco transportieru sist\u0113ma ar maksim\u0101lo ra\u017e\u012bbu 60 t\/h<br \/>Ukrain\u0101 ra\u017eots MEHZAVOD graudu priek\u0161t\u012br\u012bt\u0101js<\/p>\t\t\t\t\t\t\t\t<\/div>\n\t\t\t\t<\/div>\n\t\t\t\t<\/div>\n\t\t\t\t\t<\/div>\n\t\t\t\t<\/div>\n\t\t<div class=\"elementor-element elementor-element-12f6373 e-flex e-con-boxed e-con e-parent\" data-id=\"12f6373\" data-element_type=\"container\" data-e-type=\"container\">\n\t\t\t\t\t<div class=\"e-con-inner\">\n\t\t<div class=\"elementor-element elementor-element-389a648 e-con-full e-flex e-con e-child\" data-id=\"389a648\" data-element_type=\"container\" data-e-type=\"container\">\n\t\t\t\t<div class=\"elementor-element elementor-element-fcd7d80 animated-slow elementor-widget elementor-widget-heading\" data-id=\"fcd7d80\" data-element_type=\"widget\" data-e-type=\"widget\" data-settings=\"{&quot;_animation&quot;:&quot;none&quot;}\" data-widget_type=\"heading.default\">\n\t\t\t\t\t<h2 class=\"elementor-heading-title elementor-size-default\">PAR PROJEKTU<\/h2>\t\t\t\t<\/div>\n\t\t\t\t<div class=\"elementor-element elementor-element-c8413a9 elementor-widget-divider--view-line elementor-widget elementor-widget-divider\" data-id=\"c8413a9\" data-element_type=\"widget\" data-e-type=\"widget\" data-widget_type=\"divider.default\">\n\t\t\t\t\t\t\t<div class=\"elementor-divider\">\n\t\t\t<span class=\"elementor-divider-separator\">\n\t\t\t\t\t\t<\/span>\n\t\t<\/div>\n\t\t\t\t\t\t<\/div>\n\t\t\t\t<div class=\"elementor-element elementor-element-f31ed47 elementor-widget elementor-widget-text-editor\" data-id=\"f31ed47\" data-element_type=\"widget\" data-e-type=\"widget\" data-widget_type=\"text-editor.default\">\n\t\t\t\t\t\t\t\t\t<p>Projekts \u012bstenots 2020. gad\u0101 viet\u0101, kur iepriek\u0161 nav bijusi \u0113ku infrastrukt\u016bra. <br \/>Izvietojums ir veidots ar potenci\u0101l\u0101m att\u012bst\u012bbas iesp\u0113j\u0101m gan mitro tor\u0146u papla\u0161in\u0101\u0161anai, gan s\u0113klu tor\u0146u skaita palielin\u0101\u0161anai, k\u0101 ar\u012b iesp\u0113ja papla\u0161in\u0101t sauso graudu uzglab\u0101\u0161anas tor\u0146us un n\u0101kotn\u0113 potenci\u0101li kompleksu papla\u0161inot un integr\u0113jot sist\u0113m\u0101 ang\u0101ru sauso graudu sezon\u0101.<br \/><br \/>Iek\u0101rta vad\u012bba notiek caur datora vad\u012bbas programmaturu kuru izstr\u0101d\u0101ta komp\u0101nij\u0101 TPA.<br \/><br \/>Projektu esam realiz\u0113ju\u0161i sadarbojoties ar b\u016bvniec\u012bbas komp\u0101niju SIA \u201cTit\u0101ns\u201d kur\u0161 veica zemes darbus un beton\u0113to pamatu izb\u016bvi iek\u0101rt\u0101m un vad\u012bbas telpas izb\u016bvi.\u00a0<\/p>\t\t\t\t\t\t\t\t<\/div>\n\t\t\t\t<\/div>\n\t\t<div class=\"elementor-element elementor-element-bc3b952 e-con-full e-flex e-con e-child\" data-id=\"bc3b952\" data-element_type=\"container\" data-e-type=\"container\">\n\t\t<div class=\"elementor-element elementor-element-57e551a e-flex e-con-boxed e-con e-child\" data-id=\"57e551a\" data-element_type=\"container\" data-e-type=\"container\">\n\t\t\t\t\t<div class=\"e-con-inner\">\n\t\t\t\t<div class=\"elementor-element elementor-element-9d4c67f elementor-widget elementor-widget-gallery\" data-id=\"9d4c67f\" data-element_type=\"widget\" data-e-type=\"widget\" data-settings=\"{&quot;ideal_row_height&quot;:{&quot;unit&quot;:&quot;px&quot;,&quot;size&quot;:193,&quot;sizes&quot;:[]},&quot;gallery_layout&quot;:&quot;justified&quot;,&quot;lazyload&quot;:&quot;yes&quot;,&quot;ideal_row_height_tablet&quot;:{&quot;unit&quot;:&quot;px&quot;,&quot;size&quot;:150,&quot;sizes&quot;:[]},&quot;ideal_row_height_mobile&quot;:{&quot;unit&quot;:&quot;px&quot;,&quot;size&quot;:150,&quot;sizes&quot;:[]},&quot;gap&quot;:{&quot;unit&quot;:&quot;px&quot;,&quot;size&quot;:10,&quot;sizes&quot;:[]},&quot;gap_tablet&quot;:{&quot;unit&quot;:&quot;px&quot;,&quot;size&quot;:10,&quot;sizes&quot;:[]},&quot;gap_mobile&quot;:{&quot;unit&quot;:&quot;px&quot;,&quot;size&quot;:10,&quot;sizes&quot;:[]},&quot;link_to&quot;:&quot;file&quot;,&quot;overlay_background&quot;:&quot;yes&quot;,&quot;content_hover_animation&quot;:&quot;fade-in&quot;}\" data-widget_type=\"gallery.default\">\n\t\t\t\t\t\t\t<div class=\"elementor-gallery__container\">\n\t\t\t\t\t\t\t<a class=\"e-gallery-item elementor-gallery-item elementor-animated-content\" href=\"https:\/\/graintech.lv\/wp-content\/uploads\/2025\/12\/ZS-Kristali-Graintech-1.jpg\" data-elementor-open-lightbox=\"yes\" data-elementor-lightbox-slideshow=\"9d4c67f\" data-elementor-lightbox-title=\"ZS-Kristali-Graintech-1\" data-e-action-hash=\"#elementor-action%3Aaction%3Dlightbox%26settings%3DeyJpZCI6MTQyMCwidXJsIjoiaHR0cHM6XC9cL2dyYWludGVjaC5sdlwvd3AtY29udGVudFwvdXBsb2Fkc1wvMjAyNVwvMTJcL1pTLUtyaXN0YWxpLUdyYWludGVjaC0xLmpwZyIsInNsaWRlc2hvdyI6IjlkNGM2N2YifQ%3D%3D\">\n\t\t\t\t\t<div class=\"e-gallery-image elementor-gallery-item__image\" data-thumbnail=\"https:\/\/graintech.lv\/wp-content\/uploads\/2025\/12\/ZS-Kristali-Graintech-1-300x200.jpg\" data-width=\"300\" data-height=\"200\" aria-label=\"\" role=\"img\" ><\/div>\n\t\t\t\t\t\t\t\t\t\t\t<div class=\"elementor-gallery-item__overlay\"><\/div>\n\t\t\t\t\t\t\t\t\t\t\t\t\t\t<\/a>\n\t\t\t\t\t\t\t<a class=\"e-gallery-item elementor-gallery-item elementor-animated-content\" href=\"https:\/\/graintech.lv\/wp-content\/uploads\/2025\/12\/ZS-Kristali-Graintech-2.jpg\" data-elementor-open-lightbox=\"yes\" data-elementor-lightbox-slideshow=\"9d4c67f\" data-elementor-lightbox-title=\"ZS-Kristali-Graintech-2\" data-e-action-hash=\"#elementor-action%3Aaction%3Dlightbox%26settings%3DeyJpZCI6MTQyMSwidXJsIjoiaHR0cHM6XC9cL2dyYWludGVjaC5sdlwvd3AtY29udGVudFwvdXBsb2Fkc1wvMjAyNVwvMTJcL1pTLUtyaXN0YWxpLUdyYWludGVjaC0yLmpwZyIsInNsaWRlc2hvdyI6IjlkNGM2N2YifQ%3D%3D\">\n\t\t\t\t\t<div class=\"e-gallery-image elementor-gallery-item__image\" data-thumbnail=\"https:\/\/graintech.lv\/wp-content\/uploads\/2025\/12\/ZS-Kristali-Graintech-2-300x200.jpg\" data-width=\"300\" data-height=\"200\" aria-label=\"\" role=\"img\" ><\/div>\n\t\t\t\t\t\t\t\t\t\t\t<div class=\"elementor-gallery-item__overlay\"><\/div>\n\t\t\t\t\t\t\t\t\t\t\t\t\t\t<\/a>\n\t\t\t\t\t\t\t<a class=\"e-gallery-item elementor-gallery-item elementor-animated-content\" href=\"https:\/\/graintech.lv\/wp-content\/uploads\/2025\/12\/ZS-Kristali-Graintech-3.jpg\" data-elementor-open-lightbox=\"yes\" data-elementor-lightbox-slideshow=\"9d4c67f\" data-elementor-lightbox-title=\"ZS-Kristali-Graintech-3\" data-e-action-hash=\"#elementor-action%3Aaction%3Dlightbox%26settings%3DeyJpZCI6MTQyMiwidXJsIjoiaHR0cHM6XC9cL2dyYWludGVjaC5sdlwvd3AtY29udGVudFwvdXBsb2Fkc1wvMjAyNVwvMTJcL1pTLUtyaXN0YWxpLUdyYWludGVjaC0zLmpwZyIsInNsaWRlc2hvdyI6IjlkNGM2N2YifQ%3D%3D\">\n\t\t\t\t\t<div class=\"e-gallery-image elementor-gallery-item__image\" data-thumbnail=\"https:\/\/graintech.lv\/wp-content\/uploads\/2025\/12\/ZS-Kristali-Graintech-3-200x300.jpg\" data-width=\"200\" data-height=\"300\" aria-label=\"\" role=\"img\" ><\/div>\n\t\t\t\t\t\t\t\t\t\t\t<div class=\"elementor-gallery-item__overlay\"><\/div>\n\t\t\t\t\t\t\t\t\t\t\t\t\t\t<\/a>\n\t\t\t\t\t\t\t<a class=\"e-gallery-item elementor-gallery-item elementor-animated-content\" href=\"https:\/\/graintech.lv\/wp-content\/uploads\/2025\/12\/ZS-Kristali-Graintech-4.jpg\" data-elementor-open-lightbox=\"yes\" data-elementor-lightbox-slideshow=\"9d4c67f\" data-elementor-lightbox-title=\"ZS-Kristali-Graintech-4\" data-e-action-hash=\"#elementor-action%3Aaction%3Dlightbox%26settings%3DeyJpZCI6MTQyMywidXJsIjoiaHR0cHM6XC9cL2dyYWludGVjaC5sdlwvd3AtY29udGVudFwvdXBsb2Fkc1wvMjAyNVwvMTJcL1pTLUtyaXN0YWxpLUdyYWludGVjaC00LmpwZyIsInNsaWRlc2hvdyI6IjlkNGM2N2YifQ%3D%3D\">\n\t\t\t\t\t<div class=\"e-gallery-image elementor-gallery-item__image\" data-thumbnail=\"https:\/\/graintech.lv\/wp-content\/uploads\/2025\/12\/ZS-Kristali-Graintech-4-300x200.jpg\" data-width=\"300\" data-height=\"200\" aria-label=\"\" role=\"img\" ><\/div>\n\t\t\t\t\t\t\t\t\t\t\t<div class=\"elementor-gallery-item__overlay\"><\/div>\n\t\t\t\t\t\t\t\t\t\t\t\t\t\t<\/a>\n\t\t\t\t\t<\/div>\n\t\t\t\t\t<\/div>\n\t\t\t\t\t<\/div>\n\t\t\t\t<\/div>\n\t\t\t\t<\/div>\n\t\t\t\t\t<\/div>\n\t\t\t\t<\/div>\n\t\t\t\t<\/div>","protected":false},"excerpt":{"rendered":"<p>Z\/S KRIST\u0100LI VISI PROJEKTI Gads:\u00a0 2020Klients: Z\/S &#8220;KRIST\u0100LI&#8221;Uzst\u0101d\u012bt\u0101s iek\u0101rtas:Preco caurpl\u016bdes tipa kalte MYSILO konusveida graudu silosi, mitro graudu operat\u012bvai kust\u012bbai, sauso graudu uzglab\u0101\u0161anai k\u0101 ar\u012b s\u0113klas graudu uzglab\u0101\u0161anaiPreco transportieru sist\u0113ma ar maksim\u0101lo ra\u017e\u012bbu 60 t\/hUkrain\u0101 ra\u017eots MEHZAVOD graudu priek\u0161t\u012br\u012bt\u0101js PAR PROJEKTU Projekts \u012bstenots 2020. gad\u0101 viet\u0101, kur iepriek\u0161 nav bijusi \u0113ku infrastrukt\u016bra. Izvietojums ir veidots [&hellip;]<\/p>\n","protected":false},"author":1,"featured_media":0,"parent":0,"menu_order":0,"comment_status":"closed","ping_status":"closed","template":"","meta":{"footnotes":""},"class_list":["post-1417","page","type-page","status-publish","hentry"],"_links":{"self":[{"href":"https:\/\/graintech.lv\/en\/wp-json\/wp\/v2\/pages\/1417","targetHints":{"allow":["GET"]}}],"collection":[{"href":"https:\/\/graintech.lv\/en\/wp-json\/wp\/v2\/pages"}],"about":[{"href":"https:\/\/graintech.lv\/en\/wp-json\/wp\/v2\/types\/page"}],"author":[{"embeddable":true,"href":"https:\/\/graintech.lv\/en\/wp-json\/wp\/v2\/users\/1"}],"replies":[{"embeddable":true,"href":"https:\/\/graintech.lv\/en\/wp-json\/wp\/v2\/comments?post=1417"}],"version-history":[{"count":4,"href":"https:\/\/graintech.lv\/en\/wp-json\/wp\/v2\/pages\/1417\/revisions"}],"predecessor-version":[{"id":1427,"href":"https:\/\/graintech.lv\/en\/wp-json\/wp\/v2\/pages\/1417\/revisions\/1427"}],"wp:attachment":[{"href":"https:\/\/graintech.lv\/en\/wp-json\/wp\/v2\/media?parent=1417"}],"curies":[{"name":"wp","href":"https:\/\/api.w.org\/{rel}","templated":true}]}}