{"id":31,"date":"2025-03-13T12:59:04","date_gmt":"2025-03-13T12:59:04","guid":{"rendered":"https:\/\/www.graintech.lv\/?page_id=31"},"modified":"2026-03-18T13:13:27","modified_gmt":"2026-03-18T13:13:27","slug":"graudu-pecapstrade","status":"publish","type":"page","link":"https:\/\/graintech.lv\/en\/graudu-pecapstrade\/","title":{"rendered":"POST-TREATMENT OF GRAIN"},"content":{"rendered":"<div data-elementor-type=\"wp-page\" data-elementor-id=\"31\" class=\"elementor elementor-31\" data-elementor-post-type=\"page\">\n\t\t\t\t<div class=\"elementor-element elementor-element-6b7fbba e-flex e-con-boxed e-con e-parent\" data-id=\"6b7fbba\" data-element_type=\"container\" data-e-type=\"container\">\n\t\t\t\t\t<div class=\"e-con-inner\">\n\t\t<div class=\"elementor-element elementor-element-15b2d8b e-con-full e-flex e-con e-child\" data-id=\"15b2d8b\" data-element_type=\"container\" data-e-type=\"container\">\n\t\t\t\t<div class=\"elementor-element elementor-element-a0e16c7 elementor-flip-box--effect-slide elementor-flip-box--direction-up elementor-widget elementor-widget-flip-box\" data-id=\"a0e16c7\" data-element_type=\"widget\" data-e-type=\"widget\" data-widget_type=\"flip-box.default\">\n\t\t\t\t\t\t\t<div class=\"elementor-flip-box\" tabindex=\"0\">\n\t\t\t<div class=\"elementor-flip-box__layer elementor-flip-box__front\">\n\t\t\t\t<div class=\"elementor-flip-box__layer__overlay\">\n\t\t\t\t\t<div class=\"elementor-flip-box__layer__inner\">\n\t\t\t\t\t\t\t\t\t\t\t\t\t<div class=\"elementor-flip-box__image\">\n\t\t\t\t\t\t\t\t<img decoding=\"async\" width=\"100\" height=\"100\" src=\"https:\/\/graintech.lv\/wp-content\/uploads\/2026\/03\/jct_930rl_1.svg\" class=\"attachment-large size-large wp-image-1490\" alt=\"\" \/>\t\t\t\t\t\t\t<\/div>\n\t\t\t\t\t\t\n\t\t\t\t\t\t\t\t\t\t\t\t\t<h3 class=\"elementor-flip-box__layer__title\">\n\t\t\t\t\t\t\t\tTRIJER\t\t\t\t\t\t\t<\/h3>\n\t\t\t\t\t\t\n\t\t\t\t\t\t\t\t\t\t\t\t\t<div class=\"elementor-flip-box__layer__description\">\n\t\t\t\t\t\t\t\tPiemais\u012bjumu un piejaukumu atdal\u012b\u0161anai, kuru graudu forma (garums) at\u0161\u0137iras no galven\u0101s materi\u0101la pl\u016bsmas\t\t\t\t\t\t\t<\/div>\n\t\t\t\t\t\t\t\t\t\t\t<\/div>\n\t\t\t\t<\/div>\n\t\t\t<\/div>\n\t\t\t<a class=\"elementor-flip-box__layer elementor-flip-box__back\" href=\"https:\/\/graintech.lv\/en\/trijeri\/\">\n\t\t\t<div class=\"elementor-flip-box__layer__overlay\">\n\t\t\t\t<div class=\"elementor-flip-box__layer__inner\">\n\t\t\t\t\t\t\t\t\t\t\t<h3 class=\"elementor-flip-box__layer__title\">\n\t\t\t\t\t\t\tTRIJER\t\t\t\t\t\t<\/h3>\n\t\t\t\t\t\n\t\t\t\t\t\t\t\t\t\t\t<div class=\"elementor-flip-box__layer__description\">\n\t\t\t\t\t\t\tIek\u0101rta tiek izmantota piemais\u012bjumu un piejaukumu atdal\u012b\u0161anai, kuru garums at\u0161\u0137iras no graudiem, nodro\u0161ina vienk\u0101r\u0161u regul\u0113\u0161anu da\u017e\u0101d\u0101m graudu \u0161\u0137irn\u0113m, augstu jaudu kompakt\u0101 konstrukcij\u0101, vieglu uzst\u0101d\u012b\u0161anu, iedarbin\u0101\u0161anu un ekspluat\u0101ciju, k\u0101 ar\u012b iztur\u012bgu korpusu ar augstu darb\u012bbas uzticam\u012bbu\t\t\t\t\t\t<\/div>\n\t\t\t\t\t\n\t\t\t\t\t\t\t\t\t\t\t<span class=\"elementor-flip-box__button elementor-button elementor-size-md\">\n\t\t\t\t\t\t\tVAIR\u0100K\t\t\t\t\t\t<\/span>\n\t\t\t\t\t\t\t\t<\/div>\n\t\t<\/div>\n\t\t<\/a>\n\t\t<\/div>\n\t\t\t\t\t\t<\/div>\n\t\t\t\t<\/div>\n\t\t<div class=\"elementor-element elementor-element-a8ebbdf e-con-full e-flex e-con e-child\" data-id=\"a8ebbdf\" data-element_type=\"container\" data-e-type=\"container\">\n\t\t\t\t<div class=\"elementor-element elementor-element-ff991c0 elementor-flip-box--effect-slide elementor-flip-box--direction-up elementor-widget elementor-widget-flip-box\" data-id=\"ff991c0\" data-element_type=\"widget\" data-e-type=\"widget\" data-widget_type=\"flip-box.default\">\n\t\t\t\t\t\t\t<div class=\"elementor-flip-box\" tabindex=\"0\">\n\t\t\t<div class=\"elementor-flip-box__layer elementor-flip-box__front\">\n\t\t\t\t<div class=\"elementor-flip-box__layer__overlay\">\n\t\t\t\t\t<div class=\"elementor-flip-box__layer__inner\">\n\t\t\t\t\t\t\t\t\t\t\t\t\t<div class=\"elementor-flip-box__image\">\n\t\t\t\t\t\t\t\t<img decoding=\"async\" width=\"100\" height=\"100\" src=\"https:\/\/graintech.lv\/wp-content\/uploads\/2026\/03\/jgt.svg\" class=\"attachment-large size-large wp-image-1982\" alt=\"\" \/>\t\t\t\t\t\t\t<\/div>\n\t\t\t\t\t\t\n\t\t\t\t\t\t\t\t\t\t\t\t\t<h3 class=\"elementor-flip-box__layer__title\">\n\t\t\t\t\t\t\t\tGRAVITY TABLES\t\t\t\t\t\t\t<\/h3>\n\t\t\t\t\t\t\n\t\t\t\t\t\t\t\t\t\t\t\t\t<div class=\"elementor-flip-box__layer__description\">\n\t\t\t\t\t\t\t\tMateri\u0101lu \u0161\u0137iro\u0161anai ar vien\u0101du graudu izm\u0113ru, bet at\u0161\u0137ir\u012bgu \u012bpatn\u0113jo svaru. \u0160\u012bs iek\u0101rtas visbie\u017e\u0101k izmanto s\u0113klas materi\u0101la un smalko s\u0113klu t\u012br\u012b\u0161anai\t\t\t\t\t\t\t<\/div>\n\t\t\t\t\t\t\t\t\t\t\t<\/div>\n\t\t\t\t<\/div>\n\t\t\t<\/div>\n\t\t\t<a class=\"elementor-flip-box__layer elementor-flip-box__back\" href=\"https:\/\/graintech.lv\/en\/gravitacijas-galdi\/\">\n\t\t\t<div class=\"elementor-flip-box__layer__overlay\">\n\t\t\t\t<div class=\"elementor-flip-box__layer__inner\">\n\t\t\t\t\t\t\t\t\t\t\t<h3 class=\"elementor-flip-box__layer__title\">\n\t\t\t\t\t\t\tGRAVITY TABLES\t\t\t\t\t\t<\/h3>\n\t\t\t\t\t\n\t\t\t\t\t\t\t\t\t\t\t<div class=\"elementor-flip-box__layer__description\">\n\t\t\t\t\t\t\tGravit\u0101cijas galdi nodro\u0161ina augst\u0101ku t\u012br\u012b\u0161anas pak\u0101pi sal\u012bdzin\u0101jum\u0101 ar t\u012br\u012b\u0161anu uz sietu t\u012br\u012bt\u0101jiem ar aspir\u0101cijas kan\u0101liem. Iek\u0101rtas \u013cauj att\u012br\u012bt produktu l\u012bdz t\u012br\u012bbai, kas p\u0101rsniedz 99,9\u202f% no atdal\u0101maj\u0101m piemais\u012bjumu un piejaukumu da\u013ci\u0146\u0101m\t\t\t\t\t\t<\/div>\n\t\t\t\t\t\n\t\t\t\t\t\t\t\t\t\t\t<span class=\"elementor-flip-box__button elementor-button elementor-size-md\">\n\t\t\t\t\t\t\tVAIR\u0100K\t\t\t\t\t\t<\/span>\n\t\t\t\t\t\t\t\t<\/div>\n\t\t<\/div>\n\t\t<\/a>\n\t\t<\/div>\n\t\t\t\t\t\t<\/div>\n\t\t\t\t<\/div>\n\t\t<div class=\"elementor-element elementor-element-470c7f3 e-con-full e-flex e-con e-child\" data-id=\"470c7f3\" data-element_type=\"container\" data-e-type=\"container\">\n\t\t\t\t<div class=\"elementor-element elementor-element-26997ea elementor-flip-box--effect-slide elementor-flip-box--direction-up elementor-widget elementor-widget-flip-box\" data-id=\"26997ea\" data-element_type=\"widget\" data-e-type=\"widget\" data-widget_type=\"flip-box.default\">\n\t\t\t\t\t\t\t<div class=\"elementor-flip-box\" tabindex=\"0\">\n\t\t\t<div class=\"elementor-flip-box__layer elementor-flip-box__front\">\n\t\t\t\t<div class=\"elementor-flip-box__layer__overlay\">\n\t\t\t\t\t<div class=\"elementor-flip-box__layer__inner\">\n\t\t\t\t\t\t\t\t\t\t\t\t\t<div class=\"elementor-flip-box__image\">\n\t\t\t\t\t\t\t\t<img decoding=\"async\" width=\"100\" height=\"100\" src=\"https:\/\/graintech.lv\/wp-content\/uploads\/2026\/03\/jhd.svg\" class=\"attachment-large size-large wp-image-1983\" alt=\"\" \/>\t\t\t\t\t\t\t<\/div>\n\t\t\t\t\t\t\n\t\t\t\t\t\t\t\t\t\t\t\t\t<h3 class=\"elementor-flip-box__layer__title\">\n\t\t\t\t\t\t\t\tLOB\u012aT\u0100JI UN PLACIN\u0100T\u0100JI\t\t\t\t\t\t\t<\/h3>\n\t\t\t\t\t\t\n\t\t\t\t\t\t\t\t\t\t\t\t\t<div class=\"elementor-flip-box__layer__description\">\n\t\t\t\t\t\t\t\tGrauda apvalka no\u0146em\u0161anas risin\u0101jumi gan maz\u0101m, gan liel\u0101m ra\u017eotn\u0113m ar konsekventu rezult\u0101tu un optim\u0101lu produktivit\u0101ti\t\t\t\t\t\t\t<\/div>\n\t\t\t\t\t\t\t\t\t\t\t<\/div>\n\t\t\t\t<\/div>\n\t\t\t<\/div>\n\t\t\t<a class=\"elementor-flip-box__layer elementor-flip-box__back\" href=\"https:\/\/graintech.lv\/en\/dzirnavas\/\">\n\t\t\t<div class=\"elementor-flip-box__layer__overlay\">\n\t\t\t\t<div class=\"elementor-flip-box__layer__inner\">\n\t\t\t\t\t\t\t\t\t\t\t<h3 class=\"elementor-flip-box__layer__title\">\n\t\t\t\t\t\t\tLOB\u012aT\u0100JI UN PLACIN\u0100T\u0100JI\t\t\t\t\t\t<\/h3>\n\t\t\t\t\t\n\t\t\t\t\t\t\t\t\t\t\t<div class=\"elementor-flip-box__layer__description\">\n\t\t\t\t\t\t\tAugstas veiktsp\u0113jas iek\u0101rtas, kas paredz\u0113tas efekt\u012bvai graudu apvalku no\u0146em\u0161anai un vienm\u0113r\u012bgai graudu strukt\u016bras apstr\u0101dei. Tie nodro\u0161ina prec\u012bzu un saudz\u012bgu lob\u012b\u0161anas procesu, saglab\u0101jot graudu kvalit\u0101ti un maksim\u0101li samazinot zudumus. Iek\u0101rtas izce\u013cas ar stabilu, iztur\u012bgu konstrukciju, augstu jaudu un nep\u0101rtrauktu darb\u012bbas uzticam\u012bbu, savuk\u0101rt intuit\u012bv\u0101 regul\u0113\u0161ana \u013cauj t\u0101s piel\u0101got da\u017e\u0101d\u0101m kult\u016br\u0101m un ra\u017eo\u0161anas pras\u012bb\u0101m\t\t\t\t\t\t<\/div>\n\t\t\t\t\t\n\t\t\t\t\t\t\t\t\t\t\t<span class=\"elementor-flip-box__button elementor-button elementor-size-md\">\n\t\t\t\t\t\t\tVAIR\u0100K\t\t\t\t\t\t<\/span>\n\t\t\t\t\t\t\t\t<\/div>\n\t\t<\/div>\n\t\t<\/a>\n\t\t<\/div>\n\t\t\t\t\t\t<\/div>\n\t\t\t\t<\/div>\n\t\t<div class=\"elementor-element elementor-element-0fea7b1 e-con-full e-flex e-con e-child\" data-id=\"0fea7b1\" data-element_type=\"container\" data-e-type=\"container\">\n\t\t\t\t<\/div>\n\t\t<div class=\"elementor-element elementor-element-c913420 e-con-full e-flex e-con e-child\" data-id=\"c913420\" data-element_type=\"container\" data-e-type=\"container\">\n\t\t\t\t<\/div>\n\t\t<div class=\"elementor-element elementor-element-e33bc5e e-con-full e-flex e-con e-child\" data-id=\"e33bc5e\" data-element_type=\"container\" data-e-type=\"container\">\n\t\t\t\t<\/div>\n\t\t\t\t\t<\/div>\n\t\t\t\t<\/div>\n\t\t\t\t<\/div>","protected":false},"excerpt":{"rendered":"<p>TRIJERI Piemais\u012bjumu un piejaukumu atdal\u012b\u0161anai, kuru graudu forma (garums) at\u0161\u0137iras no galven\u0101s materi\u0101la pl\u016bsmas TRIJERI Iek\u0101rta tiek izmantota piemais\u012bjumu un piejaukumu atdal\u012b\u0161anai, kuru garums at\u0161\u0137iras no graudiem, nodro\u0161ina vienk\u0101r\u0161u regul\u0113\u0161anu da\u017e\u0101d\u0101m graudu \u0161\u0137irn\u0113m, augstu jaudu kompakt\u0101 konstrukcij\u0101, vieglu uzst\u0101d\u012b\u0161anu, iedarbin\u0101\u0161anu un ekspluat\u0101ciju, k\u0101 ar\u012b iztur\u012bgu korpusu ar augstu darb\u012bbas uzticam\u012bbu VAIR\u0100K GRAVIT\u0100CIJAS GALDI Materi\u0101lu \u0161\u0137iro\u0161anai [&hellip;]<\/p>\n","protected":false},"author":1,"featured_media":0,"parent":0,"menu_order":0,"comment_status":"closed","ping_status":"closed","template":"","meta":{"footnotes":""},"class_list":["post-31","page","type-page","status-publish","hentry"],"_links":{"self":[{"href":"https:\/\/graintech.lv\/en\/wp-json\/wp\/v2\/pages\/31","targetHints":{"allow":["GET"]}}],"collection":[{"href":"https:\/\/graintech.lv\/en\/wp-json\/wp\/v2\/pages"}],"about":[{"href":"https:\/\/graintech.lv\/en\/wp-json\/wp\/v2\/types\/page"}],"author":[{"embeddable":true,"href":"https:\/\/graintech.lv\/en\/wp-json\/wp\/v2\/users\/1"}],"replies":[{"embeddable":true,"href":"https:\/\/graintech.lv\/en\/wp-json\/wp\/v2\/comments?post=31"}],"version-history":[{"count":4,"href":"https:\/\/graintech.lv\/en\/wp-json\/wp\/v2\/pages\/31\/revisions"}],"predecessor-version":[{"id":1986,"href":"https:\/\/graintech.lv\/en\/wp-json\/wp\/v2\/pages\/31\/revisions\/1986"}],"wp:attachment":[{"href":"https:\/\/graintech.lv\/en\/wp-json\/wp\/v2\/media?parent=31"}],"curies":[{"name":"wp","href":"https:\/\/api.w.org\/{rel}","templated":true}]}}