{"id":33,"date":"2025-03-13T12:59:22","date_gmt":"2025-03-13T12:59:22","guid":{"rendered":"https:\/\/www.graintech.lv\/?page_id=33"},"modified":"2026-03-06T10:25:05","modified_gmt":"2026-03-06T10:25:05","slug":"bio-kurtuve","status":"publish","type":"page","link":"https:\/\/graintech.lv\/en\/bio-kurtuve\/","title":{"rendered":"BIO KURTUVE"},"content":{"rendered":"<div data-elementor-type=\"wp-page\" data-elementor-id=\"33\" class=\"elementor elementor-33\" data-elementor-post-type=\"page\">\n\t\t\t\t<div class=\"elementor-element elementor-element-4ecf6dec e-con-full e-flex e-con e-parent\" data-id=\"4ecf6dec\" data-element_type=\"container\" data-e-type=\"container\">\n\t\t<div class=\"elementor-element elementor-element-3cf151ee e-con-full e-flex e-con e-child\" data-id=\"3cf151ee\" data-element_type=\"container\" data-e-type=\"container\">\n\t\t\t\t<\/div>\n\t\t<div class=\"elementor-element elementor-element-5d2a24 e-con-full e-flex e-con e-child\" data-id=\"5d2a24\" data-element_type=\"container\" data-e-type=\"container\">\n\t\t\t\t<div class=\"elementor-element elementor-element-ad21488 elementor-widget elementor-widget-html\" data-id=\"ad21488\" data-element_type=\"widget\" data-e-type=\"widget\" data-widget_type=\"html.default\">\n\t\t\t\t\t<script src=\"https:\/\/unpkg.com\/@lottiefiles\/dotlottie-wc@0.9.3\/dist\/dotlottie-wc.js\" type=\"module\"><\/script>\n<dotlottie-wc src=\"https:\/\/lottie.host\/6f00ead4-20d7-4fc8-95a5-4821d17de0b5\/c4bd147Tul.lottie\" style=\"width: 150px;height: 150px\" autoplay loop><\/dotlottie-wc>\t\t\t\t<\/div>\n\t\t\t\t<\/div>\n\t\t<div class=\"elementor-element elementor-element-3776e1c9 e-con-full e-flex e-con e-child\" data-id=\"3776e1c9\" data-element_type=\"container\" data-e-type=\"container\">\n\t\t\t\t<\/div>\n\t\t<div class=\"elementor-element elementor-element-7597c2b e-con-full e-flex e-con e-child\" data-id=\"7597c2b\" data-element_type=\"container\" data-e-type=\"container\">\n\t\t\t\t<\/div>\n\t\t<div class=\"elementor-element elementor-element-36386fe4 e-con-full e-flex e-con e-child\" data-id=\"36386fe4\" data-element_type=\"container\" data-e-type=\"container\">\n\t\t\t\t<div class=\"elementor-element elementor-element-33248518 elementor-widget elementor-widget-heading\" data-id=\"33248518\" data-element_type=\"widget\" data-e-type=\"widget\" data-widget_type=\"heading.default\">\n\t\t\t\t\t<h2 class=\"elementor-heading-title elementor-size-default\">\u0160o sada\u013cu \u0161obr\u012bd izstr\u0101d\u0101jam<\/h2>\t\t\t\t<\/div>\n\t\t\t\t<\/div>\n\t\t<div class=\"elementor-element elementor-element-48ef55c2 e-con-full e-flex e-con e-child\" data-id=\"48ef55c2\" data-element_type=\"container\" data-e-type=\"container\">\n\t\t\t\t<\/div>\n\t\t<div class=\"elementor-element elementor-element-ea8e31d e-con-full e-flex e-con e-child\" data-id=\"ea8e31d\" data-element_type=\"container\" data-e-type=\"container\">\n\t\t\t\t<div class=\"elementor-element elementor-element-29ff2e99 elementor-widget elementor-widget-image\" data-id=\"29ff2e99\" data-element_type=\"widget\" data-e-type=\"widget\" data-widget_type=\"image.default\">\n\t\t\t\t\t\t\t\t\t\t\t\t\t\t\t<img fetchpriority=\"high\" decoding=\"async\" width=\"620\" height=\"100\" src=\"https:\/\/graintech.lv\/wp-content\/uploads\/2026\/03\/GRAINTECH-YW_1-1.svg\" class=\"attachment-medium_large size-medium_large wp-image-1576\" alt=\"\" \/>\t\t\t\t\t\t\t\t\t\t\t\t\t\t\t<\/div>\n\t\t\t\t<\/div>\n\t\t<div class=\"elementor-element elementor-element-2a1da487 e-con-full e-flex e-con e-child\" data-id=\"2a1da487\" data-element_type=\"container\" data-e-type=\"container\">\n\t\t\t\t<\/div>\n\t\t<div class=\"elementor-element elementor-element-1e3793b8 e-con-full e-flex e-con e-child\" data-id=\"1e3793b8\" data-element_type=\"container\" data-e-type=\"container\">\n\t\t\t\t<div class=\"elementor-element elementor-element-25a507f elementor-widget elementor-widget-heading\" data-id=\"25a507f\" data-element_type=\"widget\" data-e-type=\"widget\" data-widget_type=\"heading.default\">\n\t\t\t\t\t<h2 class=\"elementor-heading-title elementor-size-default\">sazinies ar mums!<\/h2>\t\t\t\t<\/div>\n\t\t\t\t<\/div>\n\t\t\t\t<\/div>\n\t\t\t\t<\/div>","protected":false},"excerpt":{"rendered":"<p>\u0160o sada\u013cu \u0161obr\u012bd izstr\u0101d\u0101jam sazinies ar mums!<\/p>","protected":false},"author":1,"featured_media":0,"parent":0,"menu_order":0,"comment_status":"closed","ping_status":"closed","template":"","meta":{"footnotes":""},"class_list":["post-33","page","type-page","status-publish","hentry"],"_links":{"self":[{"href":"https:\/\/graintech.lv\/en\/wp-json\/wp\/v2\/pages\/33","targetHints":{"allow":["GET"]}}],"collection":[{"href":"https:\/\/graintech.lv\/en\/wp-json\/wp\/v2\/pages"}],"about":[{"href":"https:\/\/graintech.lv\/en\/wp-json\/wp\/v2\/types\/page"}],"author":[{"embeddable":true,"href":"https:\/\/graintech.lv\/en\/wp-json\/wp\/v2\/users\/1"}],"replies":[{"embeddable":true,"href":"https:\/\/graintech.lv\/en\/wp-json\/wp\/v2\/comments?post=33"}],"version-history":[{"count":4,"href":"https:\/\/graintech.lv\/en\/wp-json\/wp\/v2\/pages\/33\/revisions"}],"predecessor-version":[{"id":1836,"href":"https:\/\/graintech.lv\/en\/wp-json\/wp\/v2\/pages\/33\/revisions\/1836"}],"wp:attachment":[{"href":"https:\/\/graintech.lv\/en\/wp-json\/wp\/v2\/media?parent=33"}],"curies":[{"name":"wp","href":"https:\/\/api.w.org\/{rel}","templated":true}]}}