{"id":51,"date":"2025-03-13T13:06:20","date_gmt":"2025-03-13T13:06:20","guid":{"rendered":"https:\/\/www.graintech.lv\/?page_id=51"},"modified":"2026-03-06T10:26:45","modified_gmt":"2026-03-06T10:26:45","slug":"chcnav","status":"publish","type":"page","link":"https:\/\/graintech.lv\/en\/chcnav\/","title":{"rendered":"CHCNAV"},"content":{"rendered":"<div data-elementor-type=\"wp-page\" data-elementor-id=\"51\" class=\"elementor elementor-51\" data-elementor-post-type=\"page\">\n\t\t\t\t<div class=\"elementor-element elementor-element-42e95087 e-con-full e-flex e-con e-parent\" data-id=\"42e95087\" data-element_type=\"container\" data-e-type=\"container\">\n\t\t<div class=\"elementor-element elementor-element-1cda899d e-con-full e-flex e-con e-child\" data-id=\"1cda899d\" data-element_type=\"container\" data-e-type=\"container\">\n\t\t\t\t<\/div>\n\t\t<div class=\"elementor-element elementor-element-2c3f91f6 e-con-full e-flex e-con e-child\" data-id=\"2c3f91f6\" data-element_type=\"container\" data-e-type=\"container\">\n\t\t\t\t<div class=\"elementor-element elementor-element-3b18767 elementor-widget elementor-widget-html\" data-id=\"3b18767\" data-element_type=\"widget\" data-e-type=\"widget\" data-widget_type=\"html.default\">\n\t\t\t\t\t<script src=\"https:\/\/unpkg.com\/@lottiefiles\/dotlottie-wc@0.9.3\/dist\/dotlottie-wc.js\" type=\"module\"><\/script>\n<dotlottie-wc src=\"https:\/\/lottie.host\/6f00ead4-20d7-4fc8-95a5-4821d17de0b5\/c4bd147Tul.lottie\" style=\"width: 150px;height: 150px\" autoplay loop><\/dotlottie-wc>\t\t\t\t<\/div>\n\t\t\t\t<\/div>\n\t\t<div class=\"elementor-element elementor-element-480e2c95 e-con-full e-flex e-con e-child\" data-id=\"480e2c95\" data-element_type=\"container\" data-e-type=\"container\">\n\t\t\t\t<\/div>\n\t\t<div class=\"elementor-element elementor-element-1d5e51af e-con-full e-flex e-con e-child\" data-id=\"1d5e51af\" data-element_type=\"container\" data-e-type=\"container\">\n\t\t\t\t<\/div>\n\t\t<div class=\"elementor-element elementor-element-a1dc00b e-con-full e-flex e-con e-child\" data-id=\"a1dc00b\" data-element_type=\"container\" data-e-type=\"container\">\n\t\t\t\t<div class=\"elementor-element elementor-element-5155591a elementor-widget elementor-widget-heading\" data-id=\"5155591a\" data-element_type=\"widget\" data-e-type=\"widget\" data-widget_type=\"heading.default\">\n\t\t\t\t\t<h2 class=\"elementor-heading-title elementor-size-default\">\u0160o sada\u013cu \u0161obr\u012bd izstr\u0101d\u0101jam<\/h2>\t\t\t\t<\/div>\n\t\t\t\t<\/div>\n\t\t<div class=\"elementor-element elementor-element-47c74590 e-con-full e-flex e-con e-child\" data-id=\"47c74590\" data-element_type=\"container\" data-e-type=\"container\">\n\t\t\t\t<\/div>\n\t\t<div class=\"elementor-element elementor-element-3ac26078 e-con-full e-flex e-con e-child\" data-id=\"3ac26078\" data-element_type=\"container\" data-e-type=\"container\">\n\t\t\t\t<div class=\"elementor-element elementor-element-2b14b573 elementor-widget elementor-widget-image\" data-id=\"2b14b573\" data-element_type=\"widget\" data-e-type=\"widget\" data-widget_type=\"image.default\">\n\t\t\t\t\t\t\t\t\t\t\t\t\t\t\t<img fetchpriority=\"high\" decoding=\"async\" width=\"620\" height=\"100\" src=\"https:\/\/graintech.lv\/wp-content\/uploads\/2026\/03\/GRAINTECH-YW_1-1.svg\" class=\"attachment-medium_large size-medium_large wp-image-1576\" alt=\"\" \/>\t\t\t\t\t\t\t\t\t\t\t\t\t\t\t<\/div>\n\t\t\t\t<\/div>\n\t\t<div class=\"elementor-element elementor-element-7ab6ed70 e-con-full e-flex e-con e-child\" data-id=\"7ab6ed70\" data-element_type=\"container\" data-e-type=\"container\">\n\t\t\t\t<\/div>\n\t\t<div class=\"elementor-element elementor-element-1df82ee2 e-con-full e-flex e-con e-child\" data-id=\"1df82ee2\" data-element_type=\"container\" data-e-type=\"container\">\n\t\t\t\t<div class=\"elementor-element elementor-element-58bdb97b elementor-widget elementor-widget-heading\" data-id=\"58bdb97b\" data-element_type=\"widget\" data-e-type=\"widget\" data-widget_type=\"heading.default\">\n\t\t\t\t\t<h2 class=\"elementor-heading-title elementor-size-default\">sazinies ar mums!<\/h2>\t\t\t\t<\/div>\n\t\t\t\t<\/div>\n\t\t\t\t<\/div>\n\t\t\t\t<\/div>","protected":false},"excerpt":{"rendered":"<p>\u0160o sada\u013cu \u0161obr\u012bd izstr\u0101d\u0101jam sazinies ar mums!<\/p>","protected":false},"author":1,"featured_media":0,"parent":0,"menu_order":0,"comment_status":"closed","ping_status":"closed","template":"","meta":{"footnotes":""},"class_list":["post-51","page","type-page","status-publish","hentry"],"_links":{"self":[{"href":"https:\/\/graintech.lv\/en\/wp-json\/wp\/v2\/pages\/51","targetHints":{"allow":["GET"]}}],"collection":[{"href":"https:\/\/graintech.lv\/en\/wp-json\/wp\/v2\/pages"}],"about":[{"href":"https:\/\/graintech.lv\/en\/wp-json\/wp\/v2\/types\/page"}],"author":[{"embeddable":true,"href":"https:\/\/graintech.lv\/en\/wp-json\/wp\/v2\/users\/1"}],"replies":[{"embeddable":true,"href":"https:\/\/graintech.lv\/en\/wp-json\/wp\/v2\/comments?post=51"}],"version-history":[{"count":4,"href":"https:\/\/graintech.lv\/en\/wp-json\/wp\/v2\/pages\/51\/revisions"}],"predecessor-version":[{"id":1840,"href":"https:\/\/graintech.lv\/en\/wp-json\/wp\/v2\/pages\/51\/revisions\/1840"}],"wp:attachment":[{"href":"https:\/\/graintech.lv\/en\/wp-json\/wp\/v2\/media?parent=51"}],"curies":[{"name":"wp","href":"https:\/\/api.w.org\/{rel}","templated":true}]}}