{"id":66,"date":"2025-03-13T13:10:52","date_gmt":"2025-03-13T13:10:52","guid":{"rendered":"https:\/\/www.graintech.lv\/?page_id=66"},"modified":"2026-03-18T13:21:07","modified_gmt":"2026-03-18T13:21:07","slug":"trijeri","status":"publish","type":"page","link":"https:\/\/graintech.lv\/en\/trijeri\/","title":{"rendered":"TRIJER"},"content":{"rendered":"\t\t<div data-elementor-type=\"wp-page\" data-elementor-id=\"66\" class=\"elementor elementor-66\" data-elementor-post-type=\"page\">\n\t\t\t\t<div class=\"elementor-element elementor-element-045d3b5 e-con-full e-flex e-con e-parent\" data-id=\"045d3b5\" data-element_type=\"container\" data-e-type=\"container\" data-settings=\"{&quot;background_background&quot;:&quot;classic&quot;}\">\n\t\t<div class=\"elementor-element elementor-element-bb7cdb7 e-con-full e-flex e-con e-child\" data-id=\"bb7cdb7\" data-element_type=\"container\" data-e-type=\"container\">\n\t\t\t\t<div class=\"elementor-element elementor-element-c173dd4 elementor-widget__width-initial elementor-widget elementor-widget-image\" data-id=\"c173dd4\" data-element_type=\"widget\" data-e-type=\"widget\" data-widget_type=\"image.default\">\n\t\t\t\t\t\t\t\t\t\t\t\t\t\t\t<img decoding=\"async\" width=\"100\" height=\"100\" src=\"https:\/\/graintech.lv\/wp-content\/uploads\/2026\/03\/jct_930rl_1.svg\" class=\"attachment-medium size-medium wp-image-1490\" alt=\"\" \/>\t\t\t\t\t\t\t\t\t\t\t\t\t\t\t<\/div>\n\t\t\t\t<\/div>\n\t\t<div class=\"elementor-element elementor-element-02659e9 e-con-full e-flex e-con e-child\" data-id=\"02659e9\" data-element_type=\"container\" data-e-type=\"container\">\n\t\t<div class=\"elementor-element elementor-element-d8c03a1 e-con-full e-flex e-con e-child\" data-id=\"d8c03a1\" data-element_type=\"container\" data-e-type=\"container\">\n\t\t\t\t<div class=\"elementor-element elementor-element-0b684b9 elementor-widget__width-initial elementor-widget elementor-widget-html\" data-id=\"0b684b9\" data-element_type=\"widget\" data-e-type=\"widget\" data-widget_type=\"html.default\">\n\t\t\t\t\t<object type=\"image\/svg+xml\" data=\"https:\/\/jk-machinery.com\/wp-content\/uploads\/jct_en.svg\" class=\"img-fluid\"><\/object>\t\t\t\t<\/div>\n\t\t\t\t<\/div>\n\t\t\t\t<\/div>\n\t\t<div class=\"elementor-element elementor-element-c60bfd1 e-con-full e-flex e-con e-child\" data-id=\"c60bfd1\" data-element_type=\"container\" data-e-type=\"container\">\n\t\t\t\t<div class=\"elementor-element elementor-element-2a33ebf elementor-widget__width-initial elementor-widget elementor-widget-heading\" data-id=\"2a33ebf\" data-element_type=\"widget\" data-e-type=\"widget\" data-widget_type=\"heading.default\">\n\t\t\t\t\t<h4 class=\"elementor-heading-title elementor-size-default\">Trijera bloks ir iek\u0101rta, kuru izmanto da\u017e\u0101du kult\u016braugu p\u0113capstr\u0101d\u0113, ar T\u0101 pal\u012bdz\u012bbu ir iesp\u0113jams sadal\u012bt produktus p\u0113c to fiziskajiem parametriem- trijera bloku gad\u012bjum\u0101 p\u0113c produktu garumiem.<\/h4>\t\t\t\t<\/div>\n\t\t\t\t<\/div>\n\t\t\t\t<\/div>\n\t\t<div class=\"elementor-element elementor-element-e773682 e-con-full e-flex e-con e-parent\" data-id=\"e773682\" data-element_type=\"container\" data-e-type=\"container\" data-settings=\"{&quot;background_background&quot;:&quot;classic&quot;}\">\n\t\t<div class=\"elementor-element elementor-element-d00a264 e-con-full e-flex e-con e-child\" data-id=\"d00a264\" data-element_type=\"container\" data-e-type=\"container\">\n\t\t<div class=\"elementor-element elementor-element-445dc06 e-con-full e-flex e-con e-child\" data-id=\"445dc06\" data-element_type=\"container\" data-e-type=\"container\">\n\t\t\t\t<div class=\"elementor-element elementor-element-b542f3a elementor-widget elementor-widget-heading\" data-id=\"b542f3a\" data-element_type=\"widget\" data-e-type=\"widget\" data-widget_type=\"heading.default\">\n\t\t\t\t\t<h2 class=\"elementor-heading-title elementor-size-default\">JK MACHINERY JCT TRIJERU BLOKS\n<\/h2>\t\t\t\t<\/div>\n\t\t\t\t<div class=\"elementor-element elementor-element-9c2469f elementor-widget elementor-widget-text-editor\" data-id=\"9c2469f\" data-element_type=\"widget\" data-e-type=\"widget\" data-widget_type=\"text-editor.default\">\n\t\t\t\t\t\t\t\t\t<p><strong>Cilindru diametri: <\/strong>400 , 600, 900 mm<br \/><strong>Cilindru garumi : <\/strong>1000 \u2013 3000<strong> mm<br \/><\/strong><strong>Ra\u017e\u012bgums:<\/strong> 1-10 t\/h<\/p>\t\t\t\t\t\t\t\t<\/div>\n\t\t\t\t<\/div>\n\t\t\t\t<\/div>\n\t\t<div class=\"elementor-element elementor-element-e065341 e-con-full e-flex e-con e-child\" data-id=\"e065341\" data-element_type=\"container\" data-e-type=\"container\">\n\t\t<div class=\"elementor-element elementor-element-c4426e4 e-con-full e-flex e-con e-child\" data-id=\"c4426e4\" data-element_type=\"container\" data-e-type=\"container\">\n\t\t\t\t<div class=\"elementor-element elementor-element-229996e elementor-widget elementor-widget-heading\" data-id=\"229996e\" data-element_type=\"widget\" data-e-type=\"widget\" data-widget_type=\"heading.default\">\n\t\t\t\t\t<h2 class=\"elementor-heading-title elementor-size-default\">Konfigur\u0101cijas:<\/h2>\t\t\t\t<\/div>\n\t\t\t\t<div class=\"elementor-element elementor-element-461181b elementor-widget elementor-widget-text-editor\" data-id=\"461181b\" data-element_type=\"widget\" data-e-type=\"widget\" data-widget_type=\"text-editor.default\">\n\t\t\t\t\t\t\t\t\t<p><strong>R \u2013 <\/strong>\u012bs\u0101s un apa\u013c\u0101s frakcijas atdal\u012b\u0161ana<strong><br \/><\/strong><strong>L \u2013 <\/strong>gar\u0101s frakcijas atdal\u012b\u0161ana<strong><br \/><\/strong><strong>RL \u2013 <\/strong>kombin\u0113ta \u012bs\u0101s\/apa\u013c\u0101s un gar\u0101s frakcijas atdal\u012b\u0161ana<strong><br \/><\/strong><strong>PLR \u2013 <\/strong>kombin\u0113ta \u012bs\u0101s\/apa\u013c\u0101s un gar\u0101s frakcijas atdal\u012b\u0161ana ar priek\u0161 atdal\u012b\u0161anu<\/p>\t\t\t\t\t\t\t\t<\/div>\n\t\t\t\t<\/div>\n\t\t\t\t<\/div>\n\t\t<div class=\"elementor-element elementor-element-cf97aa8 e-con-full e-flex e-con e-child\" data-id=\"cf97aa8\" data-element_type=\"container\" data-e-type=\"container\">\n\t\t<div class=\"elementor-element elementor-element-3e4bf46 e-con-full e-flex e-con e-child\" data-id=\"3e4bf46\" data-element_type=\"container\" data-e-type=\"container\">\n\t\t\t\t<div class=\"elementor-element elementor-element-8fec8b3 elementor-widget elementor-widget-heading\" data-id=\"8fec8b3\" data-element_type=\"widget\" data-e-type=\"widget\" data-widget_type=\"heading.default\">\n\t\t\t\t\t<h2 class=\"elementor-heading-title elementor-size-default\">Priek\u0161roc\u012bbas:<\/h2>\t\t\t\t<\/div>\n\t\t\t\t<div class=\"elementor-element elementor-element-e166ce9 elementor-widget elementor-widget-text-editor\" data-id=\"e166ce9\" data-element_type=\"widget\" data-e-type=\"widget\" data-widget_type=\"text-editor.default\">\n\t\t\t\t\t\t\t\t\t<ul><li>vienk\u0101r\u0161a iek\u0101rtas regul\u0101cija<\/li><li>augstas ra\u017e\u012bbas iek\u0101rta ar kompaktu izm\u0113ru<\/li><li>robusta konstrukcija un zemas apkalpo\u0161anas izmaksas<\/li><\/ul>\t\t\t\t\t\t\t\t<\/div>\n\t\t\t\t<\/div>\n\t\t\t\t<\/div>\n\t\t\t\t<\/div>\n\t\t<div class=\"elementor-element elementor-element-7181ea4a e-con-full e-flex elementor-invisible e-con e-parent\" data-id=\"7181ea4a\" data-element_type=\"container\" data-e-type=\"container\" data-settings=\"{&quot;animation&quot;:&quot;fadeIn&quot;,&quot;background_background&quot;:&quot;slideshow&quot;,&quot;background_slideshow_gallery&quot;:[{&quot;id&quot;:1099,&quot;url&quot;:&quot;https:\\\/\\\/graintech.online\\\/wp-content\\\/uploads\\\/2025\\\/10\\\/ALOJA-STARKELSEN-Graintech-4-1.jpg&quot;},{&quot;id&quot;:1100,&quot;url&quot;:&quot;https:\\\/\\\/graintech.online\\\/wp-content\\\/uploads\\\/2025\\\/10\\\/ALOJA-STARKELSEN-Graintech-5-1.jpg&quot;},{&quot;id&quot;:1101,&quot;url&quot;:&quot;https:\\\/\\\/graintech.online\\\/wp-content\\\/uploads\\\/2025\\\/10\\\/ZS-Zalais-Zars-Graintech-3-1.jpg&quot;},{&quot;id&quot;:1492,&quot;url&quot;:&quot;https:\\\/\\\/graintech.online\\\/wp-content\\\/uploads\\\/2026\\\/03\\\/01-zd-krasna-hora-nad-vltavou-petrovice-u-sedlcan.webp&quot;}],&quot;background_slideshow_loop&quot;:&quot;yes&quot;,&quot;background_slideshow_slide_duration&quot;:5000,&quot;background_slideshow_slide_transition&quot;:&quot;fade&quot;,&quot;background_slideshow_transition_duration&quot;:500}\">\n\t\t<div class=\"elementor-element elementor-element-42850d82 e-con-full e-flex e-con e-child\" data-id=\"42850d82\" data-element_type=\"container\" data-e-type=\"container\">\n\t\t\t\t<div class=\"elementor-element elementor-element-50162a93 elementor-widget__width-initial elementor-widget elementor-widget-heading\" data-id=\"50162a93\" data-element_type=\"widget\" data-e-type=\"widget\" data-widget_type=\"heading.default\">\n\t\t\t\t\t<h4 class=\"elementor-heading-title elementor-size-default\">Kvalitat\u012bvi, uzticami un energoefekt\u012bvi JK-machinery graudu t\u012br\u012bt\u0101ju risin\u0101jumi par lab\u0101kaj\u0101m cen\u0101m tirg\u016b. \nofici\u0101lais p\u0101rst\u0101vis Latvij\u0101 kop\u0161 2015. gada <\/h4>\t\t\t\t<\/div>\n\t\t\t\t<\/div>\n\t\t<div class=\"elementor-element elementor-element-5bbf7365 e-con-full e-flex e-con e-child\" data-id=\"5bbf7365\" data-element_type=\"container\" data-e-type=\"container\">\n\t\t\t\t<div class=\"elementor-element elementor-element-6dfd5d21 elementor-widget elementor-widget-image\" data-id=\"6dfd5d21\" data-element_type=\"widget\" data-e-type=\"widget\" data-widget_type=\"image.default\">\n\t\t\t\t\t\t\t\t\t\t\t\t\t\t\t<img decoding=\"async\" width=\"80\" height=\"25\" src=\"https:\/\/graintech.lv\/wp-content\/uploads\/2025\/03\/logo-inverse.svg\" class=\"attachment-medium_large size-medium_large wp-image-329\" alt=\"\" \/>\t\t\t\t\t\t\t\t\t\t\t\t\t\t\t<\/div>\n\t\t\t\t<\/div>\n\t\t\t\t<\/div>\n\t\t\t\t<\/div>\n\t\t","protected":false},"excerpt":{"rendered":"<p>Trijera bloks ir iek\u0101rta, kuru izmanto da\u017e\u0101du kult\u016braugu p\u0113capstr\u0101d\u0113, ar T\u0101 pal\u012bdz\u012bbu ir iesp\u0113jams sadal\u012bt produktus p\u0113c to fiziskajiem parametriem- trijera bloku gad\u012bjum\u0101 p\u0113c produktu garumiem. JK MACHINERY JCT TRIJERU BLOKS Cilindru diametri: 400 , 600, 900 mmCilindru garumi : 1000 \u2013 3000 mmRa\u017e\u012bgums: 1-10 t\/h Konfigur\u0101cijas: R \u2013 \u012bs\u0101s un apa\u013c\u0101s frakcijas atdal\u012b\u0161anaL \u2013 [&hellip;]<\/p>\n","protected":false},"author":1,"featured_media":0,"parent":0,"menu_order":0,"comment_status":"closed","ping_status":"closed","template":"","meta":{"footnotes":""},"class_list":["post-66","page","type-page","status-publish","hentry"],"_links":{"self":[{"href":"https:\/\/graintech.lv\/en\/wp-json\/wp\/v2\/pages\/66","targetHints":{"allow":["GET"]}}],"collection":[{"href":"https:\/\/graintech.lv\/en\/wp-json\/wp\/v2\/pages"}],"about":[{"href":"https:\/\/graintech.lv\/en\/wp-json\/wp\/v2\/types\/page"}],"author":[{"embeddable":true,"href":"https:\/\/graintech.lv\/en\/wp-json\/wp\/v2\/users\/1"}],"replies":[{"embeddable":true,"href":"https:\/\/graintech.lv\/en\/wp-json\/wp\/v2\/comments?post=66"}],"version-history":[{"count":13,"href":"https:\/\/graintech.lv\/en\/wp-json\/wp\/v2\/pages\/66\/revisions"}],"predecessor-version":[{"id":1997,"href":"https:\/\/graintech.lv\/en\/wp-json\/wp\/v2\/pages\/66\/revisions\/1997"}],"wp:attachment":[{"href":"https:\/\/graintech.lv\/en\/wp-json\/wp\/v2\/media?parent=66"}],"curies":[{"name":"wp","href":"https:\/\/api.w.org\/{rel}","templated":true}]}}