{"id":72,"date":"2025-03-13T13:11:31","date_gmt":"2025-03-13T13:11:31","guid":{"rendered":"https:\/\/www.graintech.lv\/?page_id=72"},"modified":"2026-03-06T03:40:46","modified_gmt":"2026-03-06T03:40:46","slug":"dzirnavas","status":"publish","type":"page","link":"https:\/\/graintech.lv\/en\/dzirnavas\/","title":{"rendered":"HEALTH"},"content":{"rendered":"<div data-elementor-type=\"wp-page\" data-elementor-id=\"72\" class=\"elementor elementor-72\" data-elementor-post-type=\"page\">\n\t\t\t\t<div class=\"elementor-element elementor-element-221a9ad e-con-full e-flex e-con e-parent\" data-id=\"221a9ad\" data-element_type=\"container\" data-e-type=\"container\">\n\t\t<div class=\"elementor-element elementor-element-644ae14 e-con-full e-flex e-con e-child\" data-id=\"644ae14\" data-element_type=\"container\" data-e-type=\"container\">\n\t\t\t\t<\/div>\n\t\t<div class=\"elementor-element elementor-element-6bf5fd3 e-con-full e-flex e-con e-child\" data-id=\"6bf5fd3\" data-element_type=\"container\" data-e-type=\"container\">\n\t\t\t\t<div class=\"elementor-element elementor-element-5934ed1 elementor-widget elementor-widget-html\" data-id=\"5934ed1\" data-element_type=\"widget\" data-e-type=\"widget\" data-widget_type=\"html.default\">\n\t\t\t\t\t<script src=\"https:\/\/unpkg.com\/@lottiefiles\/dotlottie-wc@0.9.3\/dist\/dotlottie-wc.js\" type=\"module\"><\/script>\n<dotlottie-wc src=\"https:\/\/lottie.host\/6f00ead4-20d7-4fc8-95a5-4821d17de0b5\/c4bd147Tul.lottie\" style=\"width: 150px;height: 150px\" autoplay loop><\/dotlottie-wc>\t\t\t\t<\/div>\n\t\t\t\t<\/div>\n\t\t<div class=\"elementor-element elementor-element-b7af506 e-con-full e-flex e-con e-child\" data-id=\"b7af506\" data-element_type=\"container\" data-e-type=\"container\">\n\t\t\t\t<\/div>\n\t\t<div class=\"elementor-element elementor-element-96ce7a4 e-con-full e-flex e-con e-child\" data-id=\"96ce7a4\" data-element_type=\"container\" data-e-type=\"container\">\n\t\t\t\t<\/div>\n\t\t<div class=\"elementor-element elementor-element-a8d7bcb e-con-full e-flex e-con e-child\" data-id=\"a8d7bcb\" data-element_type=\"container\" data-e-type=\"container\">\n\t\t\t\t<div class=\"elementor-element elementor-element-964cea3 elementor-widget elementor-widget-heading\" data-id=\"964cea3\" data-element_type=\"widget\" data-e-type=\"widget\" data-widget_type=\"heading.default\">\n\t\t\t\t\t<h2 class=\"elementor-heading-title elementor-size-default\">\u0160o sada\u013cu \u0161obr\u012bd izstr\u0101d\u0101jam<\/h2>\t\t\t\t<\/div>\n\t\t\t\t<\/div>\n\t\t<div class=\"elementor-element elementor-element-4e325a3 e-con-full e-flex e-con e-child\" data-id=\"4e325a3\" data-element_type=\"container\" data-e-type=\"container\">\n\t\t\t\t<\/div>\n\t\t<div class=\"elementor-element elementor-element-84529e0 e-con-full e-flex e-con e-child\" data-id=\"84529e0\" data-element_type=\"container\" data-e-type=\"container\">\n\t\t\t\t<div class=\"elementor-element elementor-element-b862424 elementor-widget elementor-widget-image\" data-id=\"b862424\" data-element_type=\"widget\" data-e-type=\"widget\" data-widget_type=\"image.default\">\n\t\t\t\t\t\t\t\t\t\t\t\t\t\t\t<img fetchpriority=\"high\" decoding=\"async\" width=\"620\" height=\"100\" src=\"https:\/\/graintech.lv\/wp-content\/uploads\/2026\/03\/GRAINTECH-YW_1-1.svg\" class=\"attachment-medium_large size-medium_large wp-image-1576\" alt=\"\" \/>\t\t\t\t\t\t\t\t\t\t\t\t\t\t\t<\/div>\n\t\t\t\t<\/div>\n\t\t<div class=\"elementor-element elementor-element-4e615cd e-con-full e-flex e-con e-child\" data-id=\"4e615cd\" data-element_type=\"container\" data-e-type=\"container\">\n\t\t\t\t<\/div>\n\t\t<div class=\"elementor-element elementor-element-5635b2c e-con-full e-flex e-con e-child\" data-id=\"5635b2c\" data-element_type=\"container\" data-e-type=\"container\">\n\t\t\t\t<div class=\"elementor-element elementor-element-0344afb elementor-widget elementor-widget-heading\" data-id=\"0344afb\" data-element_type=\"widget\" data-e-type=\"widget\" data-widget_type=\"heading.default\">\n\t\t\t\t\t<h2 class=\"elementor-heading-title elementor-size-default\">sazinies ar mums!<\/h2>\t\t\t\t<\/div>\n\t\t\t\t<\/div>\n\t\t\t\t<\/div>\n\t\t\t\t<\/div>","protected":false},"excerpt":{"rendered":"<p>\u0160o sada\u013cu \u0161obr\u012bd izstr\u0101d\u0101jam sazinies ar mums!<\/p>","protected":false},"author":1,"featured_media":0,"parent":0,"menu_order":0,"comment_status":"closed","ping_status":"closed","template":"","meta":{"footnotes":""},"class_list":["post-72","page","type-page","status-publish","hentry"],"_links":{"self":[{"href":"https:\/\/graintech.lv\/en\/wp-json\/wp\/v2\/pages\/72","targetHints":{"allow":["GET"]}}],"collection":[{"href":"https:\/\/graintech.lv\/en\/wp-json\/wp\/v2\/pages"}],"about":[{"href":"https:\/\/graintech.lv\/en\/wp-json\/wp\/v2\/types\/page"}],"author":[{"embeddable":true,"href":"https:\/\/graintech.lv\/en\/wp-json\/wp\/v2\/users\/1"}],"replies":[{"embeddable":true,"href":"https:\/\/graintech.lv\/en\/wp-json\/wp\/v2\/comments?post=72"}],"version-history":[{"count":10,"href":"https:\/\/graintech.lv\/en\/wp-json\/wp\/v2\/pages\/72\/revisions"}],"predecessor-version":[{"id":1710,"href":"https:\/\/graintech.lv\/en\/wp-json\/wp\/v2\/pages\/72\/revisions\/1710"}],"wp:attachment":[{"href":"https:\/\/graintech.lv\/en\/wp-json\/wp\/v2\/media?parent=72"}],"curies":[{"name":"wp","href":"https:\/\/api.w.org\/{rel}","templated":true}]}}